{"id":1999,"date":"2026-04-16T16:45:57","date_gmt":"2026-04-16T16:45:57","guid":{"rendered":"https:\/\/pericom.biz\/?post_type=product&#038;p=1999"},"modified":"2026-04-16T16:46:19","modified_gmt":"2026-04-16T16:46:19","slug":"xelan-210","status":"publish","type":"product","link":"https:\/\/pericom.biz\/?product=xelan-210","title":{"rendered":"XELAN 210"},"content":{"rendered":"<p>Der XELAN 210 bietet eine robuste Ethernet-Verbindung \u00fcber 2 Draht mit SPE (Single Pair Ethernet) und erm\u00f6glicht Punkt-Mehrpunkt-Konnektivit\u00e4t. Mit seinem IP31-Metallgeh\u00e4use und der DIN-Schienenmontage ist er ideal f\u00fcr industrielle Umgebungen geeignet. Der XELAN 210 verf\u00fcgt \u00fcber 2 SPE-Ports f\u00fcr eine &#171;Daisy Chain&#187;-Verbindung sowie 1 LAN-Port. Eine Konfiguration ist nicht erforderlich.. Autonegotiation erm\u00f6glicht eine automatische Anpassung der Verbindungseinstellungen.<\/p>\n<h3>Artikeldetails:<\/h3>\n<table>\n<thead>\n<tr>\n<th>Eigenschaft<\/th>\n<th>Spezifikation<\/th>\n<\/tr>\n<\/thead>\n<tbody>\n<tr>\n<td>Geh\u00e4use<\/td>\n<td>IP31 Metall, DIN Rail Montage<\/td>\n<\/tr>\n<tr>\n<td>SPE Ports<\/td>\n<td>2 x 10BaseT1L<\/td>\n<\/tr>\n<tr>\n<td>LAN Verbindung<\/td>\n<td>1 x Ethernet Ports 10\/100<\/td>\n<\/tr>\n<tr>\n<td>Konfiguration<\/td>\n<td>Plug &amp; Play<\/td>\n<\/tr>\n<tr>\n<td>Autonegociation<\/td>\n<td>Ja<\/td>\n<\/tr>\n<tr>\n<td>Unterst\u00fctzte Datenraten<\/td>\n<td>10Mbit\/s bis zu 1 km<\/td>\n<\/tr>\n<tr>\n<td>Temperaturbereich<\/td>\n<td>-20\u00b0C bis +70\u00b0C<\/td>\n<\/tr>\n<tr>\n<td>Weitere Funktionen<\/td>\n<td>Bypass, Profinet, PTP<\/td>\n<\/tr>\n<tr>\n<td>Spannungsversorgungen<\/td>\n<td>24 VDC oder PoE<\/td>\n<\/tr>\n<\/tbody>\n<\/table>\n<p>&nbsp;<\/p>\n","protected":false},"excerpt":{"rendered":"<p>Der XELAN 210 bietet eine zuverl\u00e4ssige Ethernet-Verbindung \u00fcber 2 Draht mit SPE und erm\u00f6glicht eine flexible Punkt-Mehrpunkt-Konnektivit\u00e4t.<\/p>\n","protected":false},"featured_media":2030,"comment_status":"closed","ping_status":"closed","template":"","meta":[],"product_brand":[],"product_cat":[33,183],"product_tag":[185,188,52,162,186,189],"class_list":{"0":"post-1999","1":"product","2":"type-product","3":"status-publish","4":"has-post-thumbnail","6":"product_cat-ethernet-extender-xslan-xelan","7":"product_cat-fernwartung","8":"product_tag-ethernet-extender","9":"product_tag-ethernet-uber-2-draht","10":"product_tag-poe","11":"product_tag-profinet","12":"product_tag-ptp","13":"product_tag-spe-technologie","15":"first","16":"instock","17":"downloadable","18":"taxable","19":"shipping-taxable","20":"product-type-simple"},"_links":{"self":[{"href":"https:\/\/pericom.biz\/index.php?rest_route=\/wp\/v2\/product\/1999","targetHints":{"allow":["GET"]}}],"collection":[{"href":"https:\/\/pericom.biz\/index.php?rest_route=\/wp\/v2\/product"}],"about":[{"href":"https:\/\/pericom.biz\/index.php?rest_route=\/wp\/v2\/types\/product"}],"replies":[{"embeddable":true,"href":"https:\/\/pericom.biz\/index.php?rest_route=%2Fwp%2Fv2%2Fcomments&post=1999"}],"wp:featuredmedia":[{"embeddable":true,"href":"https:\/\/pericom.biz\/index.php?rest_route=\/wp\/v2\/media\/2030"}],"wp:attachment":[{"href":"https:\/\/pericom.biz\/index.php?rest_route=%2Fwp%2Fv2%2Fmedia&parent=1999"}],"wp:term":[{"taxonomy":"product_brand","embeddable":true,"href":"https:\/\/pericom.biz\/index.php?rest_route=%2Fwp%2Fv2%2Fproduct_brand&post=1999"},{"taxonomy":"product_cat","embeddable":true,"href":"https:\/\/pericom.biz\/index.php?rest_route=%2Fwp%2Fv2%2Fproduct_cat&post=1999"},{"taxonomy":"product_tag","embeddable":true,"href":"https:\/\/pericom.biz\/index.php?rest_route=%2Fwp%2Fv2%2Fproduct_tag&post=1999"}],"curies":[{"name":"wp","href":"https:\/\/api.w.org\/{rel}","templated":true}]}}