{"id":2002,"date":"2026-04-16T16:45:57","date_gmt":"2026-04-16T16:45:57","guid":{"rendered":"https:\/\/pericom.biz\/?post_type=product&#038;p=2002"},"modified":"2026-04-16T16:46:20","modified_gmt":"2026-04-16T16:46:20","slug":"ipl-cw-400-le","status":"publish","type":"product","link":"https:\/\/pericom.biz\/?product=ipl-cw-400-le","title":{"rendered":"IPL-CW-400-LE"},"content":{"rendered":"<p>Der IPL-CW-400-LE ist ein zuverl\u00e4ssiger Industrie-Router, der in einem IP20-Metallgeh\u00e4use mit DIN-Schienenmontage untergebracht ist. Er bietet flexible WAN-Verbindungsoptionen \u00fcber 3G+ WW\/4G oder Wi-Fi und verf\u00fcgt \u00fcber vier LAN-Ethernet-Ports f\u00fcr eine stabile Netzwerkkonnektivit\u00e4t. Mit der M\u00f6glichkeit, bis zu 10 VPN-Verbindungen (OpenVPN oder IPSec) herzustellen, sowie einer integrierten Firewall mit Stateful Packet Inspection gew\u00e4hrleistet der Router eine sichere Daten\u00fcbertragung. Remote-Zugriff \u00fcber PC, Tablet und Smartphone wird unterst\u00fctzt, und die Konfiguration erfolgt einfach \u00fcber HTML mit HTTPS-Verschl\u00fcsselung. Der Router ist f\u00fcr einen Temperaturbereich von -20\u00b0C bis +70\u00b0C ausgelegt und bietet Funktionen wie QoS und VLAN. Er ist kompatibel mit zus\u00e4tzlichen Optionen wie Collect &amp; Alert, M2Me und EticDISPLAY.<\/p>\n<h3><strong>Artikeldetails:<\/strong><\/h3>\n<table>\n<thead>\n<tr>\n<th>Eigenschaft<\/th>\n<th>Spezifikation<\/th>\n<\/tr>\n<\/thead>\n<tbody>\n<tr>\n<td>Geh\u00e4use<\/td>\n<td>IP20 Metall, DIN Rail Montage<\/td>\n<\/tr>\n<tr>\n<td>WAN Verbindung<\/td>\n<td>3G+ WW\/4G oder Wi-Fi<\/td>\n<\/tr>\n<tr>\n<td>LAN Verbindung<\/td>\n<td>4 Ethernet Ports<\/td>\n<\/tr>\n<tr>\n<td>VPN Links<\/td>\n<td>Bis zu 10 (OpenVPN oder IPSec)<\/td>\n<\/tr>\n<tr>\n<td>Firewall<\/td>\n<td>Stateful Packet Inspection<\/td>\n<\/tr>\n<tr>\n<td>Remote Access<\/td>\n<td>PC, Tablet und Smartphone<\/td>\n<\/tr>\n<tr>\n<td>Konfiguration<\/td>\n<td>HTML mit HTTPS Verschl\u00fcsselung<\/td>\n<\/tr>\n<tr>\n<td>Temperaturbereich<\/td>\n<td>-20\u00b0C bis +70\u00b0C<\/td>\n<\/tr>\n<tr>\n<td>Weitere Funktionen<\/td>\n<td>QoS, VLAN<\/td>\n<\/tr>\n<tr>\n<td>Kompatibilit\u00e4tsoptionen<\/td>\n<td>Collect &amp; Alert, M2Me, EticDISPLAY<\/td>\n<\/tr>\n<\/tbody>\n<\/table>\n<h2>Downloads:<\/h2>\n<p><a href=\"https:\/\/pericom.biz\/wp-content\/uploads\/woocommerce_uploads\/2024\/02\/DOC_MPR_IPL_Datenblatt_D_pericom-0qpoyz.pdf\"><span style=\"color: #0000ff;\">Datenblatt IPL-Serie<\/span><\/a><\/p>\n","protected":false},"excerpt":{"rendered":"<div class=\"flex-1 overflow-hidden\">\n<div class=\"react-scroll-to-bottom--css-sjwzh-79elbk h-full\">\n<div class=\"react-scroll-to-bottom--css-sjwzh-1n7m0yu\">\n<div class=\"flex flex-col pb-9 text-sm\">\n<div class=\"w-full text-token-text-primary\" data-testid=\"conversation-turn-247\">\n<div class=\"px-4 py-2 justify-center text-base md:gap-6 m-auto\">\n<div class=\"flex flex-1 text-base mx-auto gap-3 md:px-5 lg:px-1 xl:px-5 md:max-w-3xl lg:max-w-[40rem] xl:max-w-[48rem] group final-completion\">\n<div class=\"relative flex w-full flex-col agent-turn\">\n<div class=\"flex-col gap-1 md:gap-3\">\n<div class=\"flex flex-grow flex-col max-w-full\">\n<div class=\"min-h-[20px] text-message flex flex-col items-start gap-3 whitespace-pre-wrap break-words [.text-message+&amp;]:mt-5 overflow-x-auto\" data-message-author-role=\"assistant\" data-message-id=\"f26017b3-4cc7-4a69-8031-1c15bc357823\">\n<div class=\"markdown prose w-full break-words dark:prose-invert dark\">\n<p>Der IPL-CW-400-LE ist ein kompakter Industrie-Router mit 3G+\/4G oder Wi-Fi Unterst\u00fctzung, der eine sichere und stabile Netzwerkkonnektivit\u00e4t in anspruchsvollen Umgebungen bietet. Mit vier Ethernet-Ports, Unterst\u00fctzung f\u00fcr VPN-Verbindungen und einer integrierten Firewall ist er die ideale L\u00f6sung f\u00fcr industrielle Anwendungen.<\/p>\n<\/div>\n<\/div>\n<\/div>\n<\/div>\n<\/div>\n<\/div>\n<\/div>\n<\/div>\n<\/div>\n<\/div>\n<\/div>\n<\/div>\n","protected":false},"featured_media":2053,"comment_status":"open","ping_status":"closed","template":"","meta":[],"product_brand":[],"product_cat":[183,190],"product_tag":[],"class_list":{"0":"post-2002","1":"product","2":"type-product","3":"status-publish","4":"has-post-thumbnail","6":"product_cat-fernwartung","7":"product_cat-vpn-router-ipl","9":"first","10":"instock","11":"downloadable","12":"taxable","13":"shipping-taxable","14":"product-type-simple"},"_links":{"self":[{"href":"https:\/\/pericom.biz\/index.php?rest_route=\/wp\/v2\/product\/2002","targetHints":{"allow":["GET"]}}],"collection":[{"href":"https:\/\/pericom.biz\/index.php?rest_route=\/wp\/v2\/product"}],"about":[{"href":"https:\/\/pericom.biz\/index.php?rest_route=\/wp\/v2\/types\/product"}],"replies":[{"embeddable":true,"href":"https:\/\/pericom.biz\/index.php?rest_route=%2Fwp%2Fv2%2Fcomments&post=2002"}],"wp:featuredmedia":[{"embeddable":true,"href":"https:\/\/pericom.biz\/index.php?rest_route=\/wp\/v2\/media\/2053"}],"wp:attachment":[{"href":"https:\/\/pericom.biz\/index.php?rest_route=%2Fwp%2Fv2%2Fmedia&parent=2002"}],"wp:term":[{"taxonomy":"product_brand","embeddable":true,"href":"https:\/\/pericom.biz\/index.php?rest_route=%2Fwp%2Fv2%2Fproduct_brand&post=2002"},{"taxonomy":"product_cat","embeddable":true,"href":"https:\/\/pericom.biz\/index.php?rest_route=%2Fwp%2Fv2%2Fproduct_cat&post=2002"},{"taxonomy":"product_tag","embeddable":true,"href":"https:\/\/pericom.biz\/index.php?rest_route=%2Fwp%2Fv2%2Fproduct_tag&post=2002"}],"curies":[{"name":"wp","href":"https:\/\/api.w.org\/{rel}","templated":true}]}}