{"id":2003,"date":"2026-04-16T16:45:57","date_gmt":"2026-04-16T16:45:57","guid":{"rendered":"https:\/\/pericom.biz\/?post_type=product&#038;p=2003"},"modified":"2026-04-16T16:46:21","modified_gmt":"2026-04-16T16:46:21","slug":"ipl-c-100-le","status":"publish","type":"product","link":"https:\/\/pericom.biz\/?product=ipl-c-100-le","title":{"rendered":"IPL-C-100-LE"},"content":{"rendered":"<p>Der IPL-C-100-LE ist ein robuster Industrie-Router, der in einem IP31-Metallgeh\u00e4use mit DIN-Schienenmontage untergebracht ist. Er bietet eine zuverl\u00e4ssige WAN-Verbindung \u00fcber 3G+ WW\/4G und verf\u00fcgt \u00fcber einen LAN-Ethernet-Port f\u00fcr die Netzwerkkonnektivit\u00e4t. Mit der M\u00f6glichkeit, bis zu 10 VPN-Verbindungen (OpenVPN oder IPSec) herzustellen, sowie einer integrierten Firewall mit Stateful Packet Inspection gew\u00e4hrleistet der Router eine sichere Daten\u00fcbertragung. Remote-Zugriff \u00fcber PC, Tablet und Smartphone wird unterst\u00fctzt, und die Konfiguration erfolgt einfach \u00fcber HTML mit HTTPS-Verschl\u00fcsselung. Der Router ist f\u00fcr einen Temperaturbereich von -20\u00b0C bis +70\u00b0C ausgelegt und bietet Funktionen wie QoS und VLAN. Er ist kompatibel mit zus\u00e4tzlichen Optionen wie Collect &amp; Alert, M2Me und EticDISPLAY.<\/p>\n<h3><strong>Artikeldetails:<\/strong><\/h3>\n<table>\n<thead>\n<tr>\n<th>Eigenschaft<\/th>\n<th>Spezifikation<\/th>\n<\/tr>\n<\/thead>\n<tbody>\n<tr>\n<td>Geh\u00e4use<\/td>\n<td>IP31 Metall, DIN Rail Montage<\/td>\n<\/tr>\n<tr>\n<td>WAN Verbindung<\/td>\n<td>3G+ WW\/4G<\/td>\n<\/tr>\n<tr>\n<td>LAN Verbindung<\/td>\n<td>1 Ethernet Port<\/td>\n<\/tr>\n<tr>\n<td>VPN Links<\/td>\n<td>Bis zu 10 (OpenVPN oder IPSec)<\/td>\n<\/tr>\n<tr>\n<td>Firewall<\/td>\n<td>Stateful Packet Inspection<\/td>\n<\/tr>\n<tr>\n<td>Remote Access<\/td>\n<td>PC, Tablet und Smartphone<\/td>\n<\/tr>\n<tr>\n<td>Konfiguration<\/td>\n<td>HTML mit HTTPS Verschl\u00fcsselung<\/td>\n<\/tr>\n<tr>\n<td>Temperaturbereich<\/td>\n<td>-20\u00b0C bis +70\u00b0C<\/td>\n<\/tr>\n<tr>\n<td>Weitere Funktionen<\/td>\n<td>QoS, VLAN<\/td>\n<\/tr>\n<tr>\n<td>Kompatibilit\u00e4tsoptionen<\/td>\n<td>Collect &amp; Alert, M2Me, EticDISPLAY<\/td>\n<\/tr>\n<\/tbody>\n<\/table>\n<h2>Downloads:<\/h2>\n<p><a href=\"https:\/\/pericom.biz\/wp-content\/uploads\/woocommerce_uploads\/2024\/02\/DOC_MPR_IPL_Datenblatt_D_pericom-0qpoyz.pdf\"><span style=\"color: #0000ff;\">Datenblatt IPL-Serie<\/span><\/a><\/p>\n","protected":false},"excerpt":{"rendered":"<p>Der IPL-C-100-LE ist ein kompakter Industrie-Router mit 3G+\/4G Unterst\u00fctzung, der eine sichere und zuverl\u00e4ssige Netzwerkkonnektivit\u00e4t in industriellen Umgebungen bietet. Mit einem LAN-Ethernet-Port, Unterst\u00fctzung f\u00fcr VPN-Verbindungen und einer integrierten Firewall ist er die ideale L\u00f6sung f\u00fcr industrielle Anwendungen.<\/p>\n","protected":false},"featured_media":2054,"comment_status":"open","ping_status":"closed","template":"","meta":[],"product_brand":[],"product_cat":[183,190],"product_tag":[],"class_list":{"0":"post-2003","1":"product","2":"type-product","3":"status-publish","4":"has-post-thumbnail","6":"product_cat-fernwartung","7":"product_cat-vpn-router-ipl","9":"first","10":"instock","11":"downloadable","12":"taxable","13":"shipping-taxable","14":"product-type-simple"},"_links":{"self":[{"href":"https:\/\/pericom.biz\/index.php?rest_route=\/wp\/v2\/product\/2003","targetHints":{"allow":["GET"]}}],"collection":[{"href":"https:\/\/pericom.biz\/index.php?rest_route=\/wp\/v2\/product"}],"about":[{"href":"https:\/\/pericom.biz\/index.php?rest_route=\/wp\/v2\/types\/product"}],"replies":[{"embeddable":true,"href":"https:\/\/pericom.biz\/index.php?rest_route=%2Fwp%2Fv2%2Fcomments&post=2003"}],"wp:featuredmedia":[{"embeddable":true,"href":"https:\/\/pericom.biz\/index.php?rest_route=\/wp\/v2\/media\/2054"}],"wp:attachment":[{"href":"https:\/\/pericom.biz\/index.php?rest_route=%2Fwp%2Fv2%2Fmedia&parent=2003"}],"wp:term":[{"taxonomy":"product_brand","embeddable":true,"href":"https:\/\/pericom.biz\/index.php?rest_route=%2Fwp%2Fv2%2Fproduct_brand&post=2003"},{"taxonomy":"product_cat","embeddable":true,"href":"https:\/\/pericom.biz\/index.php?rest_route=%2Fwp%2Fv2%2Fproduct_cat&post=2003"},{"taxonomy":"product_tag","embeddable":true,"href":"https:\/\/pericom.biz\/index.php?rest_route=%2Fwp%2Fv2%2Fproduct_tag&post=2003"}],"curies":[{"name":"wp","href":"https:\/\/api.w.org\/{rel}","templated":true}]}}