{"id":2033,"date":"2026-04-16T16:46:17","date_gmt":"2026-04-16T16:46:17","guid":{"rendered":"https:\/\/pericom.biz\/?post_type=product&#038;p=2033"},"modified":"2026-04-16T16:46:23","modified_gmt":"2026-04-16T16:46:23","slug":"ras-c-100-le","status":"publish","type":"product","link":"https:\/\/pericom.biz\/?product=ras-c-100-le","title":{"rendered":"RAS-C-100-LE"},"content":{"rendered":"<p>Der RAS-C-100-LE ist ein robuster Industrie-Router, der speziell f\u00fcr den Einsatz in anspruchsvollen Umgebungen entwickelt wurde. Er ist in einem IP31 Metallgeh\u00e4use mit DIN-Schienenmontage untergebracht und bietet eine zuverl\u00e4ssige WAN-Verbindung \u00fcber Mobilfunk 3G+ WW\/4G. Mit einem Ethernet-Port f\u00fcr LAN-Verbindungen und einer integrierten M2Me-L\u00f6sung erm\u00f6glicht dieser Router eine effiziente Fern\u00fcberwachung und -steuerung. Optional k\u00f6nnen SMS- und E-Mail-Benachrichtigungen \u00fcber Collect &amp; Alert gesendet werden. Der RAS-C-100-LE ist kompatibel mit EticDISPLAY f\u00fcr eine einfache Integration und \u00dcberwachung.<\/p>\n<h3><strong>Artikeldetails:<\/strong><\/h3>\n<table>\n<thead>\n<tr>\n<th>Eigenschaft<\/th>\n<th>Spezifikation<\/th>\n<\/tr>\n<\/thead>\n<tbody>\n<tr>\n<td>Geh\u00e4use<\/td>\n<td>IP31 Metallgeh\u00e4use, DIN Rail Montage<\/td>\n<\/tr>\n<tr>\n<td>WAN Verbindung<\/td>\n<td>Mobilfunk 3G+ WW\/4G<\/td>\n<\/tr>\n<tr>\n<td>LAN Verbindung<\/td>\n<td>1 Ethernet Port<\/td>\n<\/tr>\n<tr>\n<td>M2Me Solution<\/td>\n<td>Integriert<\/td>\n<\/tr>\n<tr>\n<td>SMS und E-Mail (Option)<\/td>\n<td>Kompatibel mit Collect &amp; Alert<\/td>\n<\/tr>\n<tr>\n<td>Kompatibilit\u00e4tsoptionen<\/td>\n<td>Collect &amp; Alert, EticDISPLAY<\/td>\n<\/tr>\n<\/tbody>\n<\/table>\n<p>&nbsp;<\/p>\n","protected":false},"excerpt":{"rendered":"<p>Der RAS-C-100-LE ist ein robuster Industrie-Router, der eine zuverl\u00e4ssige mobile Konnektivit\u00e4t \u00fcber Mobilfunk 3G+ WW\/4G bietet. Mit einem Ethernet-Port f\u00fcr LAN-Verbindungen und integrierter M2Me-L\u00f6sung ist er ideal f\u00fcr Anwendungen in anspruchsvollen Umgebungen geeignet. Optional k\u00f6nnen SMS- und E-Mail-Benachrichtigungen \u00fcber Collect &amp; Alert gesendet werden, und der Router ist kompatibel mit EticDISPLAY f\u00fcr eine einfache Integration und \u00dcberwachung.<\/p>\n","protected":false},"featured_media":2056,"comment_status":"closed","ping_status":"closed","template":"","meta":[],"product_brand":[],"product_cat":[183,191],"product_tag":[],"class_list":{"0":"post-2033","1":"product","2":"type-product","3":"status-publish","4":"has-post-thumbnail","6":"product_cat-fernwartung","7":"product_cat-machine-access-box-ras","9":"first","10":"instock","11":"downloadable","12":"taxable","13":"shipping-taxable","14":"product-type-simple"},"_links":{"self":[{"href":"https:\/\/pericom.biz\/index.php?rest_route=\/wp\/v2\/product\/2033","targetHints":{"allow":["GET"]}}],"collection":[{"href":"https:\/\/pericom.biz\/index.php?rest_route=\/wp\/v2\/product"}],"about":[{"href":"https:\/\/pericom.biz\/index.php?rest_route=\/wp\/v2\/types\/product"}],"replies":[{"embeddable":true,"href":"https:\/\/pericom.biz\/index.php?rest_route=%2Fwp%2Fv2%2Fcomments&post=2033"}],"wp:featuredmedia":[{"embeddable":true,"href":"https:\/\/pericom.biz\/index.php?rest_route=\/wp\/v2\/media\/2056"}],"wp:attachment":[{"href":"https:\/\/pericom.biz\/index.php?rest_route=%2Fwp%2Fv2%2Fmedia&parent=2033"}],"wp:term":[{"taxonomy":"product_brand","embeddable":true,"href":"https:\/\/pericom.biz\/index.php?rest_route=%2Fwp%2Fv2%2Fproduct_brand&post=2033"},{"taxonomy":"product_cat","embeddable":true,"href":"https:\/\/pericom.biz\/index.php?rest_route=%2Fwp%2Fv2%2Fproduct_cat&post=2033"},{"taxonomy":"product_tag","embeddable":true,"href":"https:\/\/pericom.biz\/index.php?rest_route=%2Fwp%2Fv2%2Fproduct_tag&post=2033"}],"curies":[{"name":"wp","href":"https:\/\/api.w.org\/{rel}","templated":true}]}}