{"id":2037,"date":"2026-04-16T16:46:18","date_gmt":"2026-04-16T16:46:18","guid":{"rendered":"https:\/\/pericom.biz\/?post_type=product&#038;p=2037"},"modified":"2026-04-16T16:46:25","modified_gmt":"2026-04-16T16:46:25","slug":"sig-ec-400","status":"publish","type":"product","link":"https:\/\/pericom.biz\/?product=sig-ec-400","title":{"rendered":"SIG-EC-400"},"content":{"rendered":"<p>Das SIG-EC-400 ist ein robustes VPN- und Sicherheitsgateway, das eine sichere Kommunikation in Unternehmensnetzwerken gew\u00e4hrleistet. Mit Unterst\u00fctzung f\u00fcr VPN-Protokolle wie OpenVPN, SSL und IPSec bietet es vielseitige Optionen f\u00fcr die Einrichtung sicherer Verbindungen. Das Gateway unterst\u00fctzt bis zu 100 VPN-Tunnel und verf\u00fcgt \u00fcber redundante Funktionen f\u00fcr erh\u00f6hte Zuverl\u00e4ssigkeit. Die Modularit\u00e4t erm\u00f6glicht es, ein zweites SIG hinzuzuf\u00fcgen, um die Anzahl der VPN-Tunnel zu erweitern. Zus\u00e4tzlich zur VPN-Funktionalit\u00e4t bietet das SIG-EC-400 eine Firewall mit Stateful Packet Inspection, einen IP-Router und einen Remote Access Server. Ein gesichertes Portal erm\u00f6glicht den Fernzugriff \u00fcber Smartphone, Tablet und PC.<\/p>\n<h3><strong>Artikeldetails:<\/strong><\/h3>\n<table>\n<thead>\n<tr>\n<th>Eigenschaft<\/th>\n<th>Spezifikation<\/th>\n<\/tr>\n<\/thead>\n<tbody>\n<tr>\n<td>VPN<\/td>\n<td>OpenVPN, SSL Server und Client, IPSec<\/td>\n<\/tr>\n<tr>\n<td>Maximale VPNs<\/td>\n<td>Bis zu 100<\/td>\n<\/tr>\n<tr>\n<td>Redundanz<\/td>\n<td>Ja<\/td>\n<\/tr>\n<tr>\n<td>Modularit\u00e4t<\/td>\n<td>Ja (Hinzuf\u00fcgen eines zweiten SIG)<\/td>\n<\/tr>\n<tr>\n<td>Firewall<\/td>\n<td>Stateful Packet Inspection<\/td>\n<\/tr>\n<tr>\n<td>IP Router<\/td>\n<td>Ja<\/td>\n<\/tr>\n<tr>\n<td>Remote Access<\/td>\n<td>Server<\/td>\n<\/tr>\n<tr>\n<td>Gesichertes Portal<\/td>\n<td>Ja<\/td>\n<\/tr>\n<\/tbody>\n<\/table>\n","protected":false},"excerpt":{"rendered":"<p>Das SIG-EC-400 ist ein zuverl\u00e4ssiges VPN- und Sicherheitsgateway, das bis zu 100 VPN-Tunnel unterst\u00fctzt und redundante Funktionen f\u00fcr erh\u00f6hte Zuverl\u00e4ssigkeit bietet. Mit einer breiten Palette von VPN-Protokollen, Firewall-Funktionen und einem gesicherten Portal f\u00fcr den Fernzugriff ist es die ideale L\u00f6sung f\u00fcr Unternehmen, die eine sichere Kommunikation und Fernzugriff ben\u00f6tigen.<\/p>\n","protected":false},"featured_media":2058,"comment_status":"open","ping_status":"closed","template":"","meta":[],"product_brand":[],"product_cat":[183,192],"product_tag":[],"class_list":{"0":"post-2037","1":"product","2":"type-product","3":"status-publish","4":"has-post-thumbnail","6":"product_cat-fernwartung","7":"product_cat-vpn-server-sig","9":"first","10":"instock","11":"taxable","12":"shipping-taxable","13":"product-type-simple"},"_links":{"self":[{"href":"https:\/\/pericom.biz\/index.php?rest_route=\/wp\/v2\/product\/2037","targetHints":{"allow":["GET"]}}],"collection":[{"href":"https:\/\/pericom.biz\/index.php?rest_route=\/wp\/v2\/product"}],"about":[{"href":"https:\/\/pericom.biz\/index.php?rest_route=\/wp\/v2\/types\/product"}],"replies":[{"embeddable":true,"href":"https:\/\/pericom.biz\/index.php?rest_route=%2Fwp%2Fv2%2Fcomments&post=2037"}],"wp:featuredmedia":[{"embeddable":true,"href":"https:\/\/pericom.biz\/index.php?rest_route=\/wp\/v2\/media\/2058"}],"wp:attachment":[{"href":"https:\/\/pericom.biz\/index.php?rest_route=%2Fwp%2Fv2%2Fmedia&parent=2037"}],"wp:term":[{"taxonomy":"product_brand","embeddable":true,"href":"https:\/\/pericom.biz\/index.php?rest_route=%2Fwp%2Fv2%2Fproduct_brand&post=2037"},{"taxonomy":"product_cat","embeddable":true,"href":"https:\/\/pericom.biz\/index.php?rest_route=%2Fwp%2Fv2%2Fproduct_cat&post=2037"},{"taxonomy":"product_tag","embeddable":true,"href":"https:\/\/pericom.biz\/index.php?rest_route=%2Fwp%2Fv2%2Fproduct_tag&post=2037"}],"curies":[{"name":"wp","href":"https:\/\/api.w.org\/{rel}","templated":true}]}}