{"id":2040,"date":"2026-04-16T16:46:18","date_gmt":"2026-04-16T16:46:18","guid":{"rendered":"https:\/\/pericom.biz\/?post_type=product&#038;p=2040"},"modified":"2026-04-16T16:46:26","modified_gmt":"2026-04-16T16:46:26","slug":"rex200-250","status":"publish","type":"product","link":"https:\/\/pericom.biz\/?product=rex200-250","title":{"rendered":"REX200\/250"},"content":{"rendered":"<p>Der REX200\/250 erm\u00f6glicht einen sicheren und zuverl\u00e4ssigen Fernzugriff auf Ethernet-f\u00e4hige Endger\u00e4te wie SPS, HMI und IP-Kameras. Es stehen Varianten mit WAN, WIFI, 3G oder LTE zur Verf\u00fcgung, und die WAN-Schnittstelle erm\u00f6glicht den Failover-Betrieb (3G, LTE und Wifi). Das Ger\u00e4t ist platzsparend und kompakt gestaltet, verf\u00fcgt \u00fcber einen integrierten 4-Port LAN-Switch und eine eingebaute Firewall f\u00fcr erh\u00f6hte Sicherheit. Dar\u00fcber hinaus bietet es digitale Ein- und Ausg\u00e4nge f\u00fcr Verbindungsaufbau, Statusanzeige und Alarmierung. Die Konfiguration erfolgt einfach und schnell \u00fcber das myREX24-VPN-Portal. Mit dem REX200\/250 k\u00f6nnen Daten von der SPS gelesen, visualisiert, alarmiert und protokolliert werden. Zudem erm\u00f6glicht es die Fernwartung von USB-Ger\u00e4ten \u00fcber das Internet und verf\u00fcgt \u00fcber Dual-SIM-Unterst\u00fctzung (3G und LTE). Weitere Funktionen umfassen einen DHCP-Server, DNS-Server, Dyn DNS, NTP-Server und PPP-Server (DSL-Modem).<\/p>\n<h3><strong>Artikeldetails:<\/strong><\/h3>\n<table>\n<thead>\n<tr>\n<th>Eigenschaft<\/th>\n<th>Spezifikation<\/th>\n<\/tr>\n<\/thead>\n<tbody>\n<tr>\n<td>WAN<\/td>\n<td>Verf\u00fcgbar in Varianten: WAN, WIFI, 3G oder LTE<\/td>\n<\/tr>\n<tr>\n<td>Failover<\/td>\n<td>WAN-Schnittstelle f\u00fcr Failover-Betrieb (3G, LTE und Wifi)<\/td>\n<\/tr>\n<tr>\n<td>LAN<\/td>\n<td>Integrierter 4-Port LAN-Switch<\/td>\n<\/tr>\n<tr>\n<td>Firewall<\/td>\n<td>Integrierte Firewall<\/td>\n<\/tr>\n<tr>\n<td>Ein- und Ausg\u00e4nge<\/td>\n<td>Digitale Ein- und Ausg\u00e4nge f\u00fcr Verbindungsaufbau, Statusanzeige und Alarmierung<\/td>\n<\/tr>\n<tr>\n<td>Konfiguration<\/td>\n<td>Einfache und schnelle Konfiguration \u00fcber das myREX24-VPN-Portal<\/td>\n<\/tr>\n<tr>\n<td>Datenverarbeitung<\/td>\n<td>Daten von SPS lesen, visualisieren, alarmieren und protokollieren<\/td>\n<\/tr>\n<tr>\n<td>Fernwartung<\/td>\n<td>Fernwartung von USB-Ger\u00e4ten \u00fcber das Internet<\/td>\n<\/tr>\n<tr>\n<td>Dual SIM<\/td>\n<td>Unterst\u00fctzung von Dual SIM (3G und LTE)<\/td>\n<\/tr>\n<tr>\n<td>Netzwerkdienste<\/td>\n<td>DHCP-Server, DNS-Server, Dyn DNS, NTP-Server, PPP-Server (DSL-Modem)<\/td>\n<\/tr>\n<\/tbody>\n<\/table>\n<h2>Downloads:<\/h2>\n<p><span style=\"color: #0000ff;\">Datenblatt REX200\/250<\/span><\/p>\n<p><a href=\"https:\/\/pericom.biz\/wp-content\/uploads\/woocommerce_uploads\/2024\/02\/Quick_Start_Guide_REX_200_250_3G_LTE_v1_DE-z5emxt.pdf\"><span style=\"color: #0000ff;\">Quick-Start Guide REX200\/250<\/span><\/a><\/p>\n","protected":false},"excerpt":{"rendered":"<p>Der REX200\/250 bietet einen sicheren und zuverl\u00e4ssigen Fernzugriff auf Ethernet-f\u00e4hige Endger\u00e4te und erm\u00f6glicht eine einfache Konfiguration \u00fcber das myREX24-VPN-Portal. Mit integriertem LAN-Switch, Firewall und digitalen Ein- und Ausg\u00e4ngen ist er ideal f\u00fcr die Fernwartung und Datenverarbeitung in industriellen Anwendungen.<\/p>\n","protected":false},"featured_media":2059,"comment_status":"open","ping_status":"closed","template":"","meta":[],"product_brand":[],"product_cat":[183,193],"product_tag":[],"class_list":{"0":"post-2040","1":"product","2":"type-product","3":"status-publish","4":"has-post-thumbnail","6":"product_cat-fernwartung","7":"product_cat-rex","9":"first","10":"instock","11":"downloadable","12":"taxable","13":"shipping-taxable","14":"product-type-simple"},"_links":{"self":[{"href":"https:\/\/pericom.biz\/index.php?rest_route=\/wp\/v2\/product\/2040","targetHints":{"allow":["GET"]}}],"collection":[{"href":"https:\/\/pericom.biz\/index.php?rest_route=\/wp\/v2\/product"}],"about":[{"href":"https:\/\/pericom.biz\/index.php?rest_route=\/wp\/v2\/types\/product"}],"replies":[{"embeddable":true,"href":"https:\/\/pericom.biz\/index.php?rest_route=%2Fwp%2Fv2%2Fcomments&post=2040"}],"wp:featuredmedia":[{"embeddable":true,"href":"https:\/\/pericom.biz\/index.php?rest_route=\/wp\/v2\/media\/2059"}],"wp:attachment":[{"href":"https:\/\/pericom.biz\/index.php?rest_route=%2Fwp%2Fv2%2Fmedia&parent=2040"}],"wp:term":[{"taxonomy":"product_brand","embeddable":true,"href":"https:\/\/pericom.biz\/index.php?rest_route=%2Fwp%2Fv2%2Fproduct_brand&post=2040"},{"taxonomy":"product_cat","embeddable":true,"href":"https:\/\/pericom.biz\/index.php?rest_route=%2Fwp%2Fv2%2Fproduct_cat&post=2040"},{"taxonomy":"product_tag","embeddable":true,"href":"https:\/\/pericom.biz\/index.php?rest_route=%2Fwp%2Fv2%2Fproduct_tag&post=2040"}],"curies":[{"name":"wp","href":"https:\/\/api.w.org\/{rel}","templated":true}]}}