{"id":2042,"date":"2026-04-16T16:46:18","date_gmt":"2026-04-16T16:46:18","guid":{"rendered":"https:\/\/pericom.biz\/?post_type=product&#038;p=2042"},"modified":"2026-04-16T16:46:28","modified_gmt":"2026-04-16T16:46:28","slug":"myrex24-v2-portal","status":"publish","type":"product","link":"https:\/\/pericom.biz\/?product=myrex24-v2-portal","title":{"rendered":"MyREX24 V2 Portal"},"content":{"rendered":"<p>Das myREX24 V2 Portal erm\u00f6glicht Ihnen einen direkten Zugriff auf Ihre Maschinen und Anlagen. Sie k\u00f6nnen kritische Daten \u00fcberwachen, Zust\u00e4nde protokollieren und s\u00e4mtliche Informationen direkt im Portal auswerten. Zudem ist die vollst\u00e4ndige Konfiguration der REX Router direkt \u00fcber das Portal m\u00f6glich. Mit dieser benutzerfreundlichen L\u00f6sung haben Sie alles im Griff, ohne zus\u00e4tzliche Software oder komplexe Installationen.<\/p>\n<h3><strong>Artikeldetails:<\/strong><\/h3>\n<table>\n<thead>\n<tr>\n<th>Eigenschaft<\/th>\n<th>Spezifikation<\/th>\n<\/tr>\n<\/thead>\n<tbody>\n<tr>\n<td>Anzahl der Ger\u00e4te und Benutzer<\/td>\n<td>Unbegrenzt<\/td>\n<\/tr>\n<tr>\n<td>Aktive VPN-Verbindungen<\/td>\n<td>Bis zu 250 gleichzeitige Verbindungen<\/td>\n<\/tr>\n<tr>\n<td>Kostenlose WEB2GO-Verbindungen<\/td>\n<td>Bis zu 5, unbegrenzt erweiterbar<\/td>\n<\/tr>\n<tr>\n<td>Benutzergruppen und Mandanten<\/td>\n<td>Bis zu 250 Benutzergruppen und 250 Mandanten<\/td>\n<\/tr>\n<tr>\n<td>Dashboards und Alarme<\/td>\n<td>Bis zu 260<\/td>\n<\/tr>\n<tr>\n<td>Datenpunkte pro Ger\u00e4t<\/td>\n<td>Bis zu 250<\/td>\n<\/tr>\n<tr>\n<td>Datenpunktspeicher f\u00fcr Log-Daten<\/td>\n<td>Bis zu 5.000.000<\/td>\n<\/tr>\n<tr>\n<td>Standard VPN-Clients<\/td>\n<td>Einbindung von anderen OpenVPN-Routern m\u00f6glich<\/td>\n<\/tr>\n<tr>\n<td>Weitere Funktionen<\/td>\n<td>Viele weitere Funktionen sind freischaltbar<\/td>\n<\/tr>\n<tr>\n<td>Garantierte Daten-Bandbreite<\/td>\n<td>Bis zu 1 Mbit\/s<\/td>\n<\/tr>\n<\/tbody>\n<\/table>\n<h2>Downloads:<\/h2>\n<p><a href=\"https:\/\/pericom.biz\/wp-content\/uploads\/woocommerce_uploads\/2024\/02\/Flyer_REX_Router_myREX24_v2_DE_06-2017_pericom-wqyeul.pdf\"><span style=\"color: #0000ff;\">Datenblatt REX24-V2-Portal<\/span><\/a><\/p>\n","protected":false},"excerpt":{"rendered":"<p>Das myREX24 V2 Portal bietet einen direkten Zugriff auf Maschinen und Anlagen. Es erm\u00f6glicht die \u00dcberwachung kritischer Daten und Zust\u00e4nde sowie die Konfiguration der REX Router direkt im Portal. Mit unbegrenzten Benutzern, aktiven VPN-Verbindungen und vielen weiteren Funktionen ist es die ideale L\u00f6sung f\u00fcr eine effiziente Fern\u00fcberwachung und -steuerung.<\/p>\n","protected":false},"featured_media":2061,"comment_status":"open","ping_status":"closed","template":"","meta":[],"product_brand":[],"product_cat":[183,193],"product_tag":[],"class_list":{"0":"post-2042","1":"product","2":"type-product","3":"status-publish","4":"has-post-thumbnail","6":"product_cat-fernwartung","7":"product_cat-rex","9":"first","10":"instock","11":"downloadable","12":"taxable","13":"shipping-taxable","14":"product-type-simple"},"_links":{"self":[{"href":"https:\/\/pericom.biz\/index.php?rest_route=\/wp\/v2\/product\/2042","targetHints":{"allow":["GET"]}}],"collection":[{"href":"https:\/\/pericom.biz\/index.php?rest_route=\/wp\/v2\/product"}],"about":[{"href":"https:\/\/pericom.biz\/index.php?rest_route=\/wp\/v2\/types\/product"}],"replies":[{"embeddable":true,"href":"https:\/\/pericom.biz\/index.php?rest_route=%2Fwp%2Fv2%2Fcomments&post=2042"}],"wp:featuredmedia":[{"embeddable":true,"href":"https:\/\/pericom.biz\/index.php?rest_route=\/wp\/v2\/media\/2061"}],"wp:attachment":[{"href":"https:\/\/pericom.biz\/index.php?rest_route=%2Fwp%2Fv2%2Fmedia&parent=2042"}],"wp:term":[{"taxonomy":"product_brand","embeddable":true,"href":"https:\/\/pericom.biz\/index.php?rest_route=%2Fwp%2Fv2%2Fproduct_brand&post=2042"},{"taxonomy":"product_cat","embeddable":true,"href":"https:\/\/pericom.biz\/index.php?rest_route=%2Fwp%2Fv2%2Fproduct_cat&post=2042"},{"taxonomy":"product_tag","embeddable":true,"href":"https:\/\/pericom.biz\/index.php?rest_route=%2Fwp%2Fv2%2Fproduct_tag&post=2042"}],"curies":[{"name":"wp","href":"https:\/\/api.w.org\/{rel}","templated":true}]}}