{"id":2082,"date":"2026-04-16T16:46:40","date_gmt":"2026-04-16T16:46:40","guid":{"rendered":"https:\/\/pericom.biz\/?post_type=product&#038;p=2082"},"modified":"2026-04-16T16:46:50","modified_gmt":"2026-04-16T16:46:50","slug":"aea300-2-analoge-ausgange","status":"publish","type":"product","link":"https:\/\/pericom.biz\/?product=aea300-2-analoge-ausgange","title":{"rendered":"AEA300, 2 Analoge Ausg\u00e4nge"},"content":{"rendered":"<p>Die AEA300 ist eine 2-Kanal Analogeingabebaugruppe, die f\u00fcr den Anschluss analoger Aktoren f\u00fcr Spannungs- und Stromausg\u00e4nge im Bereich bis \u00b110 V bzw. \u00b120 mA geeignet ist. Mit zwei analogen Ausg\u00e4ngen, die Spannungen von 0 bis 10 V oder Str\u00f6me von 4 bis 20 mA liefern k\u00f6nnen, bietet diese Baugruppe Flexibilit\u00e4t und Pr\u00e4zision. Sie verf\u00fcgt \u00fcber einen parametrierbaren Diagnosealarm und ist f\u00fcr einen Temperaturbereich von 0 bis 60\u00b0C ausgelegt.<\/p>\n<h3><strong>Artikeldetails:<\/strong><\/h3>\n<table>\n<thead>\n<tr>\n<th>Eigenschaft<\/th>\n<th>Spezifikation<\/th>\n<\/tr>\n<\/thead>\n<tbody>\n<tr>\n<td>Anzahl analoge Ausg\u00e4nge<\/td>\n<td>2<\/td>\n<\/tr>\n<tr>\n<td>Spannungsbereich<\/td>\n<td>0 bis 10 V<\/td>\n<\/tr>\n<tr>\n<td>Strombereich<\/td>\n<td>4 bis 20 mA<\/td>\n<\/tr>\n<tr>\n<td>Diagnosealarm<\/td>\n<td>Parametrierbar<\/td>\n<\/tr>\n<tr>\n<td>Betriebstemperatur<\/td>\n<td>0 bis 60\u00b0C<\/td>\n<\/tr>\n<\/tbody>\n<\/table>\n<h2>Downloads:<\/h2>\n<p><a href=\"https:\/\/pericom.biz\/wp-content\/uploads\/woocommerce_uploads\/2024\/02\/2-Kanal_700-332-5HB01_pericom-t46sl4.pdf\">Datenblatt 700-332-5HB01<\/a><\/p>\n","protected":false},"excerpt":{"rendered":"<p>Die AEA300 ist eine 2-Kanal Analogeingabebaugruppe, die Spannungs- und Stromausg\u00e4nge im Bereich von 0 bis 10 V bzw. 4 bis 20 mA erm\u00f6glicht. Mit parametrierbarem Diagnosealarm und einem Betriebstemperaturbereich von 0 bis 60\u00b0C bietet sie Flexibilit\u00e4t und Zuverl\u00e4ssigkeit f\u00fcr industrielle Anwendungen.<\/p>\n","protected":false},"featured_media":2117,"comment_status":"open","ping_status":"closed","template":"","meta":[],"product_brand":[],"product_cat":[224,194],"product_tag":[],"class_list":{"0":"post-2082","1":"product","2":"type-product","3":"status-publish","4":"has-post-thumbnail","6":"product_cat-s7-e-a-baugruppen","7":"product_cat-s7-komponenten-2","9":"first","10":"instock","11":"downloadable","12":"taxable","13":"shipping-taxable","14":"product-type-simple"},"_links":{"self":[{"href":"https:\/\/pericom.biz\/index.php?rest_route=\/wp\/v2\/product\/2082","targetHints":{"allow":["GET"]}}],"collection":[{"href":"https:\/\/pericom.biz\/index.php?rest_route=\/wp\/v2\/product"}],"about":[{"href":"https:\/\/pericom.biz\/index.php?rest_route=\/wp\/v2\/types\/product"}],"replies":[{"embeddable":true,"href":"https:\/\/pericom.biz\/index.php?rest_route=%2Fwp%2Fv2%2Fcomments&post=2082"}],"wp:featuredmedia":[{"embeddable":true,"href":"https:\/\/pericom.biz\/index.php?rest_route=\/wp\/v2\/media\/2117"}],"wp:attachment":[{"href":"https:\/\/pericom.biz\/index.php?rest_route=%2Fwp%2Fv2%2Fmedia&parent=2082"}],"wp:term":[{"taxonomy":"product_brand","embeddable":true,"href":"https:\/\/pericom.biz\/index.php?rest_route=%2Fwp%2Fv2%2Fproduct_brand&post=2082"},{"taxonomy":"product_cat","embeddable":true,"href":"https:\/\/pericom.biz\/index.php?rest_route=%2Fwp%2Fv2%2Fproduct_cat&post=2082"},{"taxonomy":"product_tag","embeddable":true,"href":"https:\/\/pericom.biz\/index.php?rest_route=%2Fwp%2Fv2%2Fproduct_tag&post=2082"}],"curies":[{"name":"wp","href":"https:\/\/api.w.org\/{rel}","templated":true}]}}