{"id":2083,"date":"2026-04-16T16:46:40","date_gmt":"2026-04-16T16:46:40","guid":{"rendered":"https:\/\/pericom.biz\/?post_type=product&#038;p=2083"},"modified":"2026-04-16T16:46:52","modified_gmt":"2026-04-16T16:46:52","slug":"aea300-8-analoge-eingange","status":"publish","type":"product","link":"https:\/\/pericom.biz\/?product=aea300-8-analoge-eingange","title":{"rendered":"AEA300, 8 Analoge Eing\u00e4nge"},"content":{"rendered":"<p>Die AEA300 ist eine vielseitige Analogeingabebaugruppe mit 8 analogen Eing\u00e4ngen, die f\u00fcr den Anschluss von Stromgebern im Bereich bis \u00b120 mA, Spannungsgebern bis zu \u00b110 V, Messf\u00fchlern Pt100\/Ni100 und Widerst\u00e4nden geeignet ist. Dank ihrer galvanischen Trennung mittels Optokoppler bietet sie eine sichere und pr\u00e4zise Signal\u00fcbertragung. Mit einem Betriebstemperaturbereich von 0 bis 60\u00b0C ist sie ideal f\u00fcr eine Vielzahl von industriellen Anwendungen geeignet.<\/p>\n<h3><strong>Artikeldetails:<\/strong><\/h3>\n<table>\n<thead>\n<tr>\n<th>Eigenschaft<\/th>\n<th>Spezifikation<\/th>\n<\/tr>\n<\/thead>\n<tbody>\n<tr>\n<td>Anzahl analoge Eing\u00e4nge<\/td>\n<td>8<\/td>\n<\/tr>\n<tr>\n<td>Unterst\u00fctzte Sensoren<\/td>\n<td>Stromgebern, Spannungsgebern, Widerst\u00e4nden<\/td>\n<\/tr>\n<tr>\n<td>Galvanische Trennung<\/td>\n<td>Optokoppler<\/td>\n<\/tr>\n<tr>\n<td>Betriebstemperatur<\/td>\n<td>0 bis 60\u00b0C<\/td>\n<\/tr>\n<\/tbody>\n<\/table>\n<h2>Downloads:<\/h2>\n<p><a href=\"https:\/\/pericom.biz\/wp-content\/uploads\/woocommerce_uploads\/2024\/02\/AEA_300_8_Eingnge_zum_Anschluss_von_Strom-_Spannungsgebern_Widerstnden_700-331-1KF01_pericom-qixujd.pdf\">Datenblatt 700-331-1KF01<\/a><\/p>\n","protected":false},"excerpt":{"rendered":"<p>Die AEA300 ist eine Analogeingabebaugruppe mit 8 analogen Eing\u00e4ngen, die vielseitige Anschlussm\u00f6glichkeiten f\u00fcr Stromgebern, Spannungsgebern und Widerst\u00e4nden bietet. Mit galvanischer Trennung und einem Temperaturbereich von 0 bis 60\u00b0C ist sie ideal f\u00fcr industrielle Anwendungen geeignet.<\/p>\n","protected":false},"featured_media":2119,"comment_status":"open","ping_status":"closed","template":"","meta":[],"product_brand":[],"product_cat":[224,194],"product_tag":[],"class_list":{"0":"post-2083","1":"product","2":"type-product","3":"status-publish","4":"has-post-thumbnail","6":"product_cat-s7-e-a-baugruppen","7":"product_cat-s7-komponenten-2","9":"first","10":"instock","11":"downloadable","12":"taxable","13":"shipping-taxable","14":"product-type-simple"},"_links":{"self":[{"href":"https:\/\/pericom.biz\/index.php?rest_route=\/wp\/v2\/product\/2083","targetHints":{"allow":["GET"]}}],"collection":[{"href":"https:\/\/pericom.biz\/index.php?rest_route=\/wp\/v2\/product"}],"about":[{"href":"https:\/\/pericom.biz\/index.php?rest_route=\/wp\/v2\/types\/product"}],"replies":[{"embeddable":true,"href":"https:\/\/pericom.biz\/index.php?rest_route=%2Fwp%2Fv2%2Fcomments&post=2083"}],"wp:featuredmedia":[{"embeddable":true,"href":"https:\/\/pericom.biz\/index.php?rest_route=\/wp\/v2\/media\/2119"}],"wp:attachment":[{"href":"https:\/\/pericom.biz\/index.php?rest_route=%2Fwp%2Fv2%2Fmedia&parent=2083"}],"wp:term":[{"taxonomy":"product_brand","embeddable":true,"href":"https:\/\/pericom.biz\/index.php?rest_route=%2Fwp%2Fv2%2Fproduct_brand&post=2083"},{"taxonomy":"product_cat","embeddable":true,"href":"https:\/\/pericom.biz\/index.php?rest_route=%2Fwp%2Fv2%2Fproduct_cat&post=2083"},{"taxonomy":"product_tag","embeddable":true,"href":"https:\/\/pericom.biz\/index.php?rest_route=%2Fwp%2Fv2%2Fproduct_tag&post=2083"}],"curies":[{"name":"wp","href":"https:\/\/api.w.org\/{rel}","templated":true}]}}