{"id":2086,"date":"2026-04-16T16:46:41","date_gmt":"2026-04-16T16:46:41","guid":{"rendered":"https:\/\/pericom.biz\/?post_type=product&#038;p=2086"},"modified":"2026-04-16T16:46:56","modified_gmt":"2026-04-16T16:46:56","slug":"aea300-4-analoge-ausgange","status":"publish","type":"product","link":"https:\/\/pericom.biz\/?product=aea300-4-analoge-ausgange","title":{"rendered":"AEA300, 4 Analoge Ausg\u00e4nge"},"content":{"rendered":"<p>Die AEA300 ist eine Analogausgangsbauge mit vier Kan\u00e4len, die f\u00fcr den Anschluss analoger Aktoren f\u00fcr Spannungs- und Stromausg\u00e4nge im Bereich bis \u00b110 V bzw. \u00b120 mA geeignet ist. Diese Baugruppe erm\u00f6glicht die pr\u00e4zise Steuerung von Aktoren in industriellen Anwendungen und verf\u00fcgt \u00fcber einen parametrierbaren Diagnosealarm f\u00fcr eine zuverl\u00e4ssige Betriebs\u00fcberwachung. Mit einem Betriebstemperaturbereich von 0 bis 60\u00b0C ist die AEA300 f\u00fcr den Einsatz in verschiedenen Umgebungen geeignet.<\/p>\n<h3><strong>Artikeldetails:<\/strong><\/h3>\n<table>\n<thead>\n<tr>\n<th>Eigenschaft<\/th>\n<th>Spezifikation<\/th>\n<\/tr>\n<\/thead>\n<tbody>\n<tr>\n<td>Anzahl analoge Ausg\u00e4nge<\/td>\n<td>4<\/td>\n<\/tr>\n<tr>\n<td>Spannungsbereich<\/td>\n<td>0 bis 10 V<\/td>\n<\/tr>\n<tr>\n<td>Strombereich<\/td>\n<td>4 bis 20 mA<\/td>\n<\/tr>\n<tr>\n<td>Diagnosealarm<\/td>\n<td>Parametrierbar<\/td>\n<\/tr>\n<tr>\n<td>Betriebstemperatur<\/td>\n<td>0 bis 60\u00b0C<\/td>\n<\/tr>\n<\/tbody>\n<\/table>\n<h2>Downloads:<\/h2>\n<p><a href=\"https:\/\/pericom.biz\/wp-content\/uploads\/woocommerce_uploads\/2024\/02\/4-Kanal_700-332-5HD01_pericom-sdm6zl.pdf\">Datenblatt 00-332-5HD01<\/a><\/p>\n","protected":false},"excerpt":{"rendered":"<div class=\"flex-1 overflow-hidden\">\n<div class=\"react-scroll-to-bottom--css-bcwrn-79elbk h-full\">\n<div class=\"react-scroll-to-bottom--css-bcwrn-1n7m0yu\">\n<div class=\"flex flex-col pb-9 text-sm\">\n<div class=\"w-full text-token-text-primary\" data-testid=\"conversation-turn-329\">\n<div class=\"px-4 py-2 justify-center text-base md:gap-6 m-auto\">\n<div class=\"flex flex-1 text-base mx-auto gap-3 md:px-5 lg:px-1 xl:px-5 md:max-w-3xl lg:max-w-[40rem] xl:max-w-[48rem] group final-completion\">\n<div class=\"relative flex w-full flex-col agent-turn\">\n<div class=\"flex-col gap-1 md:gap-3\">\n<div class=\"flex flex-grow flex-col max-w-full\">\n<div class=\"min-h-[20px] text-message flex flex-col items-start gap-3 whitespace-pre-wrap break-words [.text-message+&amp;]:mt-5 overflow-x-auto\" data-message-author-role=\"assistant\" data-message-id=\"60447135-9ca6-459b-a536-b53063a1e81b\">\n<div class=\"markdown prose w-full break-words dark:prose-invert dark\">\n<p>Die AEA300 ist eine Analogausgangsbauge mit vier Kan\u00e4len f\u00fcr Spannungs- und Stromausg\u00e4nge bis \u00b110 V bzw. \u00b120 mA. Sie verf\u00fcgt \u00fcber einen parametrierbaren Diagnosealarm und ist f\u00fcr den Einsatz in verschiedenen Umgebungen mit einem Betriebstemperaturbereich von 0 bis 60\u00b0C geeignet.<\/p>\n<\/div>\n<\/div>\n<\/div>\n<\/div>\n<\/div>\n<\/div>\n<\/div>\n<\/div>\n<\/div>\n<\/div>\n<\/div>\n<\/div>\n","protected":false},"featured_media":2125,"comment_status":"open","ping_status":"closed","template":"","meta":[],"product_brand":[],"product_cat":[224,194],"product_tag":[],"class_list":{"0":"post-2086","1":"product","2":"type-product","3":"status-publish","4":"has-post-thumbnail","6":"product_cat-s7-e-a-baugruppen","7":"product_cat-s7-komponenten-2","9":"first","10":"instock","11":"downloadable","12":"taxable","13":"shipping-taxable","14":"product-type-simple"},"_links":{"self":[{"href":"https:\/\/pericom.biz\/index.php?rest_route=\/wp\/v2\/product\/2086","targetHints":{"allow":["GET"]}}],"collection":[{"href":"https:\/\/pericom.biz\/index.php?rest_route=\/wp\/v2\/product"}],"about":[{"href":"https:\/\/pericom.biz\/index.php?rest_route=\/wp\/v2\/types\/product"}],"replies":[{"embeddable":true,"href":"https:\/\/pericom.biz\/index.php?rest_route=%2Fwp%2Fv2%2Fcomments&post=2086"}],"wp:featuredmedia":[{"embeddable":true,"href":"https:\/\/pericom.biz\/index.php?rest_route=\/wp\/v2\/media\/2125"}],"wp:attachment":[{"href":"https:\/\/pericom.biz\/index.php?rest_route=%2Fwp%2Fv2%2Fmedia&parent=2086"}],"wp:term":[{"taxonomy":"product_brand","embeddable":true,"href":"https:\/\/pericom.biz\/index.php?rest_route=%2Fwp%2Fv2%2Fproduct_brand&post=2086"},{"taxonomy":"product_cat","embeddable":true,"href":"https:\/\/pericom.biz\/index.php?rest_route=%2Fwp%2Fv2%2Fproduct_cat&post=2086"},{"taxonomy":"product_tag","embeddable":true,"href":"https:\/\/pericom.biz\/index.php?rest_route=%2Fwp%2Fv2%2Fproduct_tag&post=2086"}],"curies":[{"name":"wp","href":"https:\/\/api.w.org\/{rel}","templated":true}]}}