{"id":2087,"date":"2026-04-16T16:46:41","date_gmt":"2026-04-16T16:46:41","guid":{"rendered":"https:\/\/pericom.biz\/?post_type=product&#038;p=2087"},"modified":"2026-04-16T16:46:58","modified_gmt":"2026-04-16T16:46:58","slug":"dea300-24dc-16-eingange-16-ausgange","status":"publish","type":"product","link":"https:\/\/pericom.biz\/?product=dea300-24dc-16-eingange-16-ausgange","title":{"rendered":"DEA300-24DC, 16 Eing\u00e4nge, 16 Ausg\u00e4nge"},"content":{"rendered":"<p>Die DEA300-24DC ist eine Baugruppe f\u00fcr S7-300 mit je 16 digitalen Ein- und Ausg\u00e4ngen, die f\u00fcr den Einsatz in industriellen Automatisierungssystemen konzipiert ist. Mit 16 digitalen Ausg\u00e4ngen (24 VDC \/ 0,5A) und 16 digitalen Eing\u00e4ngen (24 VDC) bietet sie eine Vielzahl von Anschlussm\u00f6glichkeiten f\u00fcr verschiedene Ger\u00e4te und Sensoren. Die Baugruppe verf\u00fcgt \u00fcber eine galvanische Trennung mittels Optokoppler f\u00fcr eine zuverl\u00e4ssige Signal\u00fcbertragung und ist f\u00fcr den Betrieb in Umgebungen mit Temperaturen von 0 bis 60\u00b0C ausgelegt.<\/p>\n<h3><strong>Artikeldetails:<\/strong><\/h3>\n<table>\n<thead>\n<tr>\n<th>Eigenschaft<\/th>\n<th>Spezifikation<\/th>\n<\/tr>\n<\/thead>\n<tbody>\n<tr>\n<td>Anzahl digitale Ausg\u00e4nge<\/td>\n<td>16<\/td>\n<\/tr>\n<tr>\n<td>Anzahl digitale Eing\u00e4nge<\/td>\n<td>16<\/td>\n<\/tr>\n<tr>\n<td>Spannung<\/td>\n<td>24 VDC<\/td>\n<\/tr>\n<tr>\n<td>Stromst\u00e4rke (Ausg\u00e4nge)<\/td>\n<td>0,5A<\/td>\n<\/tr>\n<tr>\n<td>Galvanische Trennung<\/td>\n<td>Optokoppler<\/td>\n<\/tr>\n<tr>\n<td>Betriebstemperatur<\/td>\n<td>0 bis 60\u00b0C<\/td>\n<\/tr>\n<\/tbody>\n<\/table>\n","protected":false},"excerpt":{"rendered":"<p>Die DEA300-24DC ist eine Baugruppe f\u00fcr S7-300 mit je 16 digitalen Ein- und Ausg\u00e4ngen. Mit 16 digitalen Ausg\u00e4ngen (24 VDC \/ 0,5A) und 16 digitalen Eing\u00e4ngen (24 VDC) bietet sie vielseitige Anschlussm\u00f6glichkeiten f\u00fcr industrielle Automatisierungssysteme.<\/p>\n","protected":false},"featured_media":2127,"comment_status":"open","ping_status":"closed","template":"","meta":[],"product_brand":[],"product_cat":[224,194],"product_tag":[],"class_list":{"0":"post-2087","1":"product","2":"type-product","3":"status-publish","4":"has-post-thumbnail","6":"product_cat-s7-e-a-baugruppen","7":"product_cat-s7-komponenten-2","9":"first","10":"instock","11":"taxable","12":"shipping-taxable","13":"product-type-simple"},"_links":{"self":[{"href":"https:\/\/pericom.biz\/index.php?rest_route=\/wp\/v2\/product\/2087","targetHints":{"allow":["GET"]}}],"collection":[{"href":"https:\/\/pericom.biz\/index.php?rest_route=\/wp\/v2\/product"}],"about":[{"href":"https:\/\/pericom.biz\/index.php?rest_route=\/wp\/v2\/types\/product"}],"replies":[{"embeddable":true,"href":"https:\/\/pericom.biz\/index.php?rest_route=%2Fwp%2Fv2%2Fcomments&post=2087"}],"wp:featuredmedia":[{"embeddable":true,"href":"https:\/\/pericom.biz\/index.php?rest_route=\/wp\/v2\/media\/2127"}],"wp:attachment":[{"href":"https:\/\/pericom.biz\/index.php?rest_route=%2Fwp%2Fv2%2Fmedia&parent=2087"}],"wp:term":[{"taxonomy":"product_brand","embeddable":true,"href":"https:\/\/pericom.biz\/index.php?rest_route=%2Fwp%2Fv2%2Fproduct_brand&post=2087"},{"taxonomy":"product_cat","embeddable":true,"href":"https:\/\/pericom.biz\/index.php?rest_route=%2Fwp%2Fv2%2Fproduct_cat&post=2087"},{"taxonomy":"product_tag","embeddable":true,"href":"https:\/\/pericom.biz\/index.php?rest_route=%2Fwp%2Fv2%2Fproduct_tag&post=2087"}],"curies":[{"name":"wp","href":"https:\/\/api.w.org\/{rel}","templated":true}]}}