{"id":2089,"date":"2026-04-16T16:46:41","date_gmt":"2026-04-16T16:46:41","guid":{"rendered":"https:\/\/pericom.biz\/?post_type=product&#038;p=2089"},"modified":"2026-04-16T16:47:01","modified_gmt":"2026-04-16T16:47:01","slug":"aea300-4-analoge-pt100-eingange","status":"publish","type":"product","link":"https:\/\/pericom.biz\/?product=aea300-4-analoge-pt100-eingange","title":{"rendered":"AEA300, 4 Analoge PT100-Eing\u00e4nge"},"content":{"rendered":"<p>Die AEA300 ist eine Analogeingabebaugruppe, die f\u00fcr den Anschluss von Messf\u00fchlern (Pt100\/Ni100) und Widerst\u00e4nden entwickelt wurde. Mit 4 analogen PT100-Eing\u00e4ngen bietet sie pr\u00e4zise Messungen in Industrieumgebungen. Die Baugruppe verf\u00fcgt \u00fcber parametrierbare Alarme und ist f\u00fcr den Betrieb in Umgebungen mit Temperaturen von 0 bis 60\u00b0C ausgelegt.<\/p>\n<h3><strong>Artikeldetails:<\/strong><\/h3>\n<table>\n<thead>\n<tr>\n<th>Eigenschaft<\/th>\n<th>Spezifikation<\/th>\n<\/tr>\n<\/thead>\n<tbody>\n<tr>\n<td>Anzahl analoge Eing\u00e4nge<\/td>\n<td>4<\/td>\n<\/tr>\n<tr>\n<td>Sensortyp<\/td>\n<td>PT100<\/td>\n<\/tr>\n<tr>\n<td>Parametrierbare Alarme<\/td>\n<td>Verf\u00fcgbar<\/td>\n<\/tr>\n<tr>\n<td>Betriebstemperatur<\/td>\n<td>0 bis 60\u00b0C<\/td>\n<\/tr>\n<\/tbody>\n<\/table>\n<h2>Downloads:<\/h2>\n<p><a href=\"https:\/\/pericom.biz\/wp-content\/uploads\/woocommerce_uploads\/2024\/02\/AEA_300_4_Eingnge_Pt100Ni100_zum_Anschluss_von_Widerstandsthermometern_700-331-PT100_pericom-5ovtel.pdf\">Datenblatt 700-331-PT100<\/a><\/p>\n","protected":false},"excerpt":{"rendered":"<p>Die AEA300 ist eine Analogeingabebaugruppe mit 4 analogen PT100-Eing\u00e4ngen, die pr\u00e4zise Messungen in Industrieumgebungen erm\u00f6glicht. Mit parametrierbaren Alarmen und einer Betriebstemperatur von 0 bis 60\u00b0C bietet sie eine zuverl\u00e4ssige Leistung f\u00fcr anspruchsvolle Anwendungen.<\/p>\n","protected":false},"featured_media":2131,"comment_status":"open","ping_status":"closed","template":"","meta":[],"product_brand":[],"product_cat":[224,194],"product_tag":[],"class_list":{"0":"post-2089","1":"product","2":"type-product","3":"status-publish","4":"has-post-thumbnail","6":"product_cat-s7-e-a-baugruppen","7":"product_cat-s7-komponenten-2","9":"first","10":"instock","11":"downloadable","12":"taxable","13":"shipping-taxable","14":"product-type-simple"},"_links":{"self":[{"href":"https:\/\/pericom.biz\/index.php?rest_route=\/wp\/v2\/product\/2089","targetHints":{"allow":["GET"]}}],"collection":[{"href":"https:\/\/pericom.biz\/index.php?rest_route=\/wp\/v2\/product"}],"about":[{"href":"https:\/\/pericom.biz\/index.php?rest_route=\/wp\/v2\/types\/product"}],"replies":[{"embeddable":true,"href":"https:\/\/pericom.biz\/index.php?rest_route=%2Fwp%2Fv2%2Fcomments&post=2089"}],"wp:featuredmedia":[{"embeddable":true,"href":"https:\/\/pericom.biz\/index.php?rest_route=\/wp\/v2\/media\/2131"}],"wp:attachment":[{"href":"https:\/\/pericom.biz\/index.php?rest_route=%2Fwp%2Fv2%2Fmedia&parent=2089"}],"wp:term":[{"taxonomy":"product_brand","embeddable":true,"href":"https:\/\/pericom.biz\/index.php?rest_route=%2Fwp%2Fv2%2Fproduct_brand&post=2089"},{"taxonomy":"product_cat","embeddable":true,"href":"https:\/\/pericom.biz\/index.php?rest_route=%2Fwp%2Fv2%2Fproduct_cat&post=2089"},{"taxonomy":"product_tag","embeddable":true,"href":"https:\/\/pericom.biz\/index.php?rest_route=%2Fwp%2Fv2%2Fproduct_tag&post=2089"}],"curies":[{"name":"wp","href":"https:\/\/api.w.org\/{rel}","templated":true}]}}