{"id":2098,"date":"2026-04-16T16:46:41","date_gmt":"2026-04-16T16:46:41","guid":{"rendered":"https:\/\/pericom.biz\/?post_type=product&#038;p=2098"},"modified":"2026-04-16T16:47:11","modified_gmt":"2026-04-16T16:47:11","slug":"profilschiene-300er-serie-160-mm","status":"publish","type":"product","link":"https:\/\/pericom.biz\/?product=profilschiene-300er-serie-160-mm","title":{"rendered":"Profilschiene 300er Serie, 160 Mm"},"content":{"rendered":"<p>Die Profilschiene 300er Serie mit einer L\u00e4nge von 160 mm ist ein robuster mechanischer Baugruppentr\u00e4ger, der speziell f\u00fcr die Baureihe S7-300 entwickelt wurde. Sie bietet eine solide Basis f\u00fcr die Montage von Baugruppen und erm\u00f6glicht eine sichere und ordentliche Anordnung in Schaltschr\u00e4nken oder Geh\u00e4usen. Mit einer L\u00e4nge von 160 mm ist sie ideal f\u00fcr Anwendungen geeignet, die eine kompakte L\u00f6sung erfordern. Diese Profilschiene gew\u00e4hrleistet eine einfache und stabile Befestigung Ihrer Baugruppen f\u00fcr eine zuverl\u00e4ssige Leistung.<\/p>\n<h3><strong>Artikeldetails:<\/strong><\/h3>\n<table>\n<thead>\n<tr>\n<th>Eigenschaft<\/th>\n<th>Spezifikation<\/th>\n<\/tr>\n<\/thead>\n<tbody>\n<tr>\n<td>Produkttyp<\/td>\n<td>Profilschiene<\/td>\n<\/tr>\n<tr>\n<td>Kompatibilit\u00e4t<\/td>\n<td>Baureihe S7-300<\/td>\n<\/tr>\n<tr>\n<td>L\u00e4nge<\/td>\n<td>160 mm<\/td>\n<\/tr>\n<\/tbody>\n<\/table>\n","protected":false},"excerpt":{"rendered":"<div class=\"flex-1 overflow-hidden\">\n<div class=\"react-scroll-to-bottom--css-bcwrn-79elbk h-full\">\n<div class=\"react-scroll-to-bottom--css-bcwrn-1n7m0yu\">\n<div class=\"flex flex-col pb-9 text-sm\">\n<div class=\"w-full text-token-text-primary\" data-testid=\"conversation-turn-355\">\n<div class=\"px-4 py-2 justify-center text-base md:gap-6 m-auto\">\n<div class=\"flex flex-1 text-base mx-auto gap-3 md:px-5 lg:px-1 xl:px-5 md:max-w-3xl lg:max-w-[40rem] xl:max-w-[48rem] group final-completion\">\n<div class=\"relative flex w-full flex-col agent-turn\">\n<div class=\"flex-col gap-1 md:gap-3\">\n<div class=\"flex flex-grow flex-col max-w-full\">\n<div class=\"min-h-[20px] text-message flex flex-col items-start gap-3 whitespace-pre-wrap break-words [.text-message+&amp;]:mt-5 overflow-x-auto\" data-message-author-role=\"assistant\" data-message-id=\"c8430875-ed77-42c9-8f9f-f61ee0f1b20e\">\n<div class=\"markdown prose w-full break-words dark:prose-invert dark\">\n<p>Die Profilschiene 300er Serie mit einer L\u00e4nge von 160 mm ist ein robuster mechanischer Baugruppentr\u00e4ger, der speziell f\u00fcr die Baureihe S7-300 entwickelt wurde. Ideal f\u00fcr eine sichere Montage von Baugruppen in Schaltschr\u00e4nken oder Geh\u00e4usen.<\/p>\n<\/div>\n<\/div>\n<\/div>\n<\/div>\n<\/div>\n<\/div>\n<\/div>\n<\/div>\n<\/div>\n<\/div>\n<\/div>\n<\/div>\n","protected":false},"featured_media":2158,"comment_status":"open","ping_status":"closed","template":"","meta":[],"product_brand":[],"product_cat":[194,226],"product_tag":[],"class_list":{"0":"post-2098","1":"product","2":"type-product","3":"status-publish","4":"has-post-thumbnail","6":"product_cat-s7-komponenten-2","7":"product_cat-s7-zubehor","9":"first","10":"instock","11":"taxable","12":"shipping-taxable","13":"product-type-simple"},"_links":{"self":[{"href":"https:\/\/pericom.biz\/index.php?rest_route=\/wp\/v2\/product\/2098","targetHints":{"allow":["GET"]}}],"collection":[{"href":"https:\/\/pericom.biz\/index.php?rest_route=\/wp\/v2\/product"}],"about":[{"href":"https:\/\/pericom.biz\/index.php?rest_route=\/wp\/v2\/types\/product"}],"replies":[{"embeddable":true,"href":"https:\/\/pericom.biz\/index.php?rest_route=%2Fwp%2Fv2%2Fcomments&post=2098"}],"wp:featuredmedia":[{"embeddable":true,"href":"https:\/\/pericom.biz\/index.php?rest_route=\/wp\/v2\/media\/2158"}],"wp:attachment":[{"href":"https:\/\/pericom.biz\/index.php?rest_route=%2Fwp%2Fv2%2Fmedia&parent=2098"}],"wp:term":[{"taxonomy":"product_brand","embeddable":true,"href":"https:\/\/pericom.biz\/index.php?rest_route=%2Fwp%2Fv2%2Fproduct_brand&post=2098"},{"taxonomy":"product_cat","embeddable":true,"href":"https:\/\/pericom.biz\/index.php?rest_route=%2Fwp%2Fv2%2Fproduct_cat&post=2098"},{"taxonomy":"product_tag","embeddable":true,"href":"https:\/\/pericom.biz\/index.php?rest_route=%2Fwp%2Fv2%2Fproduct_tag&post=2098"}],"curies":[{"name":"wp","href":"https:\/\/api.w.org\/{rel}","templated":true}]}}