{"id":2099,"date":"2026-04-16T16:46:41","date_gmt":"2026-04-16T16:46:41","guid":{"rendered":"https:\/\/pericom.biz\/?post_type=product&#038;p=2099"},"modified":"2026-04-16T16:47:12","modified_gmt":"2026-04-16T16:47:12","slug":"profilschienen-fur-1500er-serie","status":"publish","type":"product","link":"https:\/\/pericom.biz\/?product=profilschienen-fur-1500er-serie","title":{"rendered":"Profilschienen F\u00fcr 1500er Serie"},"content":{"rendered":"<p>Die Profilschienen f\u00fcr die 1500er Serie bieten eine stabile Montagel\u00f6sung f\u00fcr Baugruppen der Baureihe S7-1500. Mit einer L\u00e4nge von 70 mm sind sie speziell f\u00fcr diese Baureihe konzipiert und erm\u00f6glichen eine einfache und sichere Befestigung Ihrer Baugruppen in Schaltschr\u00e4nken oder Geh\u00e4usen. Diese mechanischen Baugruppentr\u00e4ger bieten eine solide Basis f\u00fcr eine ordnungsgem\u00e4\u00dfe Anordnung Ihrer Baugruppen und tragen zur Effizienz und Zuverl\u00e4ssigkeit Ihrer Anlagen bei.<\/p>\n<h3><strong>Artikeldetails:<\/strong><\/h3>\n<table>\n<thead>\n<tr>\n<th>Eigenschaft<\/th>\n<th>Spezifikation<\/th>\n<\/tr>\n<\/thead>\n<tbody>\n<tr>\n<td>Produkttyp<\/td>\n<td>Profilschiene<\/td>\n<\/tr>\n<tr>\n<td>Kompatibilit\u00e4t<\/td>\n<td>Baureihe S7-1500<\/td>\n<\/tr>\n<tr>\n<td>L\u00e4nge<\/td>\n<td>70 mm<\/td>\n<\/tr>\n<\/tbody>\n<\/table>\n","protected":false},"excerpt":{"rendered":"<p>Die Profilschienen f\u00fcr die 1500er Serie bieten eine stabile Montagel\u00f6sung f\u00fcr Baugruppen der Baureihe S7-1500. Mit einer L\u00e4nge von 70 mm erm\u00f6glichen sie eine einfache und sichere Befestigung Ihrer Baugruppen in Schaltschr\u00e4nken oder Geh\u00e4usen.<\/p>\n","protected":false},"featured_media":2159,"comment_status":"open","ping_status":"closed","template":"","meta":[],"product_brand":[],"product_cat":[194,226],"product_tag":[],"class_list":{"0":"post-2099","1":"product","2":"type-product","3":"status-publish","4":"has-post-thumbnail","6":"product_cat-s7-komponenten-2","7":"product_cat-s7-zubehor","9":"first","10":"instock","11":"taxable","12":"shipping-taxable","13":"product-type-simple"},"_links":{"self":[{"href":"https:\/\/pericom.biz\/index.php?rest_route=\/wp\/v2\/product\/2099","targetHints":{"allow":["GET"]}}],"collection":[{"href":"https:\/\/pericom.biz\/index.php?rest_route=\/wp\/v2\/product"}],"about":[{"href":"https:\/\/pericom.biz\/index.php?rest_route=\/wp\/v2\/types\/product"}],"replies":[{"embeddable":true,"href":"https:\/\/pericom.biz\/index.php?rest_route=%2Fwp%2Fv2%2Fcomments&post=2099"}],"wp:featuredmedia":[{"embeddable":true,"href":"https:\/\/pericom.biz\/index.php?rest_route=\/wp\/v2\/media\/2159"}],"wp:attachment":[{"href":"https:\/\/pericom.biz\/index.php?rest_route=%2Fwp%2Fv2%2Fmedia&parent=2099"}],"wp:term":[{"taxonomy":"product_brand","embeddable":true,"href":"https:\/\/pericom.biz\/index.php?rest_route=%2Fwp%2Fv2%2Fproduct_brand&post=2099"},{"taxonomy":"product_cat","embeddable":true,"href":"https:\/\/pericom.biz\/index.php?rest_route=%2Fwp%2Fv2%2Fproduct_cat&post=2099"},{"taxonomy":"product_tag","embeddable":true,"href":"https:\/\/pericom.biz\/index.php?rest_route=%2Fwp%2Fv2%2Fproduct_tag&post=2099"}],"curies":[{"name":"wp","href":"https:\/\/api.w.org\/{rel}","templated":true}]}}