{"id":2105,"date":"2026-04-16T16:46:42","date_gmt":"2026-04-16T16:46:42","guid":{"rendered":"https:\/\/pericom.biz\/?post_type=product&#038;p=2105"},"modified":"2026-04-16T16:47:17","modified_gmt":"2026-04-16T16:47:17","slug":"profilschiene-1500er-serie-315-mm","status":"publish","type":"product","link":"https:\/\/pericom.biz\/?product=profilschiene-1500er-serie-315-mm","title":{"rendered":"Profilschiene 1500er Serie, 315 mm"},"content":{"rendered":"<p>Die Profilschiene der 1500er Serie mit einer L\u00e4nge von 315 mm bietet eine zuverl\u00e4ssige Montagel\u00f6sung f\u00fcr die Baureihe S7-1500. Als mechanischer Baugruppentr\u00e4ger erm\u00f6glicht sie eine stabile Befestigung von Komponenten in Schaltschr\u00e4nken oder Geh\u00e4usen. Mit ihrer hochwertigen Konstruktion gew\u00e4hrleistet sie eine sichere Installation von Baugruppen, was zur Effizienz und Zuverl\u00e4ssigkeit Ihrer Anlagen beitr\u00e4gt.<\/p>\n<h3><strong>Artikeldetails:<\/strong><\/h3>\n<table>\n<thead>\n<tr>\n<th>Eigenschaft<\/th>\n<th>Spezifikation<\/th>\n<\/tr>\n<\/thead>\n<tbody>\n<tr>\n<td>Produkttyp<\/td>\n<td>Profilschiene<\/td>\n<\/tr>\n<tr>\n<td>Kompatibilit\u00e4t<\/td>\n<td>Baureihe S7-1500<\/td>\n<\/tr>\n<tr>\n<td>L\u00e4nge<\/td>\n<td>315 mm<\/td>\n<\/tr>\n<\/tbody>\n<\/table>\n","protected":false},"excerpt":{"rendered":"<p>Die Profilschiene der 1500er Serie mit einer L\u00e4nge von 315 mm ist eine zuverl\u00e4ssige Montagel\u00f6sung, die speziell f\u00fcr die Baureihe S7-1500 entwickelt wurde. Sie erm\u00f6glicht eine stabile Befestigung von Komponenten in Schaltschr\u00e4nken oder Geh\u00e4usen.<\/p>\n","protected":false},"featured_media":2165,"comment_status":"open","ping_status":"closed","template":"","meta":[],"product_brand":[],"product_cat":[194,226],"product_tag":[],"class_list":{"0":"post-2105","1":"product","2":"type-product","3":"status-publish","4":"has-post-thumbnail","6":"product_cat-s7-komponenten-2","7":"product_cat-s7-zubehor","9":"first","10":"instock","11":"taxable","12":"shipping-taxable","13":"product-type-simple"},"_links":{"self":[{"href":"https:\/\/pericom.biz\/index.php?rest_route=\/wp\/v2\/product\/2105","targetHints":{"allow":["GET"]}}],"collection":[{"href":"https:\/\/pericom.biz\/index.php?rest_route=\/wp\/v2\/product"}],"about":[{"href":"https:\/\/pericom.biz\/index.php?rest_route=\/wp\/v2\/types\/product"}],"replies":[{"embeddable":true,"href":"https:\/\/pericom.biz\/index.php?rest_route=%2Fwp%2Fv2%2Fcomments&post=2105"}],"wp:featuredmedia":[{"embeddable":true,"href":"https:\/\/pericom.biz\/index.php?rest_route=\/wp\/v2\/media\/2165"}],"wp:attachment":[{"href":"https:\/\/pericom.biz\/index.php?rest_route=%2Fwp%2Fv2%2Fmedia&parent=2105"}],"wp:term":[{"taxonomy":"product_brand","embeddable":true,"href":"https:\/\/pericom.biz\/index.php?rest_route=%2Fwp%2Fv2%2Fproduct_brand&post=2105"},{"taxonomy":"product_cat","embeddable":true,"href":"https:\/\/pericom.biz\/index.php?rest_route=%2Fwp%2Fv2%2Fproduct_cat&post=2105"},{"taxonomy":"product_tag","embeddable":true,"href":"https:\/\/pericom.biz\/index.php?rest_route=%2Fwp%2Fv2%2Fproduct_tag&post=2105"}],"curies":[{"name":"wp","href":"https:\/\/api.w.org\/{rel}","templated":true}]}}