{"id":2106,"date":"2026-04-16T16:46:42","date_gmt":"2026-04-16T16:46:42","guid":{"rendered":"https:\/\/pericom.biz\/?post_type=product&#038;p=2106"},"modified":"2026-04-16T16:47:18","modified_gmt":"2026-04-16T16:47:18","slug":"profilschiene-300er-serie-830-mm","status":"publish","type":"product","link":"https:\/\/pericom.biz\/?product=profilschiene-300er-serie-830-mm","title":{"rendered":"Profilschiene 300er Serie, 830 mm"},"content":{"rendered":"<p>Die Profilschiene der 300er Serie mit einer L\u00e4nge von 830 mm ist ein robuster Baugruppentr\u00e4ger, der speziell f\u00fcr die Baureihe S7-300 entwickelt wurde. Mit seiner hochwertigen Konstruktion bietet er eine stabile Befestigungsl\u00f6sung f\u00fcr elektronische Komponenten in Schaltschr\u00e4nken oder Geh\u00e4usen. Die Profilschiene gew\u00e4hrleistet eine sichere Montage und tr\u00e4gt zur Zuverl\u00e4ssigkeit Ihrer Anlagen bei.<\/p>\n<h3><strong>Artikeldetails:<\/strong><\/h3>\n<table>\n<thead>\n<tr>\n<th>Eigenschaft<\/th>\n<th>Spezifikation<\/th>\n<\/tr>\n<\/thead>\n<tbody>\n<tr>\n<td>Produkttyp<\/td>\n<td>Profilschiene<\/td>\n<\/tr>\n<tr>\n<td>Kompatibilit\u00e4t<\/td>\n<td>Baureihe S7-300<\/td>\n<\/tr>\n<tr>\n<td>L\u00e4nge<\/td>\n<td>830 mm<\/td>\n<\/tr>\n<\/tbody>\n<\/table>\n","protected":false},"excerpt":{"rendered":"<p>Die Profilschiene der 300er Serie mit einer L\u00e4nge von 830 mm ist ein robuster Baugruppentr\u00e4ger, der speziell f\u00fcr die Baureihe S7-300 entwickelt wurde. Sie bietet eine stabile Befestigungsl\u00f6sung f\u00fcr elektronische Komponenten in Schaltschr\u00e4nken oder Geh\u00e4usen und tr\u00e4gt zur Zuverl\u00e4ssigkeit Ihrer Anlagen bei.<\/p>\n","protected":false},"featured_media":2166,"comment_status":"open","ping_status":"closed","template":"","meta":[],"product_brand":[],"product_cat":[194,226],"product_tag":[],"class_list":{"0":"post-2106","1":"product","2":"type-product","3":"status-publish","4":"has-post-thumbnail","6":"product_cat-s7-komponenten-2","7":"product_cat-s7-zubehor","9":"first","10":"instock","11":"taxable","12":"shipping-taxable","13":"product-type-simple"},"_links":{"self":[{"href":"https:\/\/pericom.biz\/index.php?rest_route=\/wp\/v2\/product\/2106","targetHints":{"allow":["GET"]}}],"collection":[{"href":"https:\/\/pericom.biz\/index.php?rest_route=\/wp\/v2\/product"}],"about":[{"href":"https:\/\/pericom.biz\/index.php?rest_route=\/wp\/v2\/types\/product"}],"replies":[{"embeddable":true,"href":"https:\/\/pericom.biz\/index.php?rest_route=%2Fwp%2Fv2%2Fcomments&post=2106"}],"wp:featuredmedia":[{"embeddable":true,"href":"https:\/\/pericom.biz\/index.php?rest_route=\/wp\/v2\/media\/2166"}],"wp:attachment":[{"href":"https:\/\/pericom.biz\/index.php?rest_route=%2Fwp%2Fv2%2Fmedia&parent=2106"}],"wp:term":[{"taxonomy":"product_brand","embeddable":true,"href":"https:\/\/pericom.biz\/index.php?rest_route=%2Fwp%2Fv2%2Fproduct_brand&post=2106"},{"taxonomy":"product_cat","embeddable":true,"href":"https:\/\/pericom.biz\/index.php?rest_route=%2Fwp%2Fv2%2Fproduct_cat&post=2106"},{"taxonomy":"product_tag","embeddable":true,"href":"https:\/\/pericom.biz\/index.php?rest_route=%2Fwp%2Fv2%2Fproduct_tag&post=2106"}],"curies":[{"name":"wp","href":"https:\/\/api.w.org\/{rel}","templated":true}]}}