{"id":2135,"date":"2026-04-16T16:47:03","date_gmt":"2026-04-16T16:47:03","guid":{"rendered":"https:\/\/pericom.biz\/?post_type=product&#038;p=2135"},"modified":"2026-04-16T16:47:19","modified_gmt":"2026-04-16T16:47:19","slug":"profilschiene-1500er-serie-385-mm","status":"publish","type":"product","link":"https:\/\/pericom.biz\/?product=profilschiene-1500er-serie-385-mm","title":{"rendered":"Profilschiene 1500er Serie, 385 mm"},"content":{"rendered":"<p>Die Profilschiene der 1500er Serie mit einer L\u00e4nge von 385 mm ist ein hochwertiger Baugruppentr\u00e4ger, der speziell f\u00fcr die Baureihe S7-1500 entwickelt wurde. Sie bietet eine stabile Montagel\u00f6sung f\u00fcr elektronische Komponenten in Schaltschr\u00e4nken oder Geh\u00e4usen. Mit ihrer robusten Konstruktion gew\u00e4hrleistet sie eine sichere Befestigung und tr\u00e4gt zur Zuverl\u00e4ssigkeit Ihrer Anlagen bei.<\/p>\n<h3><strong>Artikeldetails:<\/strong><\/h3>\n<table>\n<thead>\n<tr>\n<th>Eigenschaft<\/th>\n<th>Spezifikation<\/th>\n<\/tr>\n<\/thead>\n<tbody>\n<tr>\n<td>Produkttyp<\/td>\n<td>Profilschiene<\/td>\n<\/tr>\n<tr>\n<td>Kompatibilit\u00e4t<\/td>\n<td>Baureihe S7-1500<\/td>\n<\/tr>\n<tr>\n<td>L\u00e4nge<\/td>\n<td>385 mm<\/td>\n<\/tr>\n<\/tbody>\n<\/table>\n","protected":false},"excerpt":{"rendered":"<div class=\"flex-1 overflow-hidden\">\n<div class=\"react-scroll-to-bottom--css-bcwrn-79elbk h-full\">\n<div class=\"react-scroll-to-bottom--css-bcwrn-1n7m0yu\">\n<div class=\"flex flex-col pb-9 text-sm\">\n<div class=\"w-full text-token-text-primary\" data-testid=\"conversation-turn-375\">\n<div class=\"px-4 py-2 justify-center text-base md:gap-6 m-auto\">\n<div class=\"flex flex-1 text-base mx-auto gap-3 md:px-5 lg:px-1 xl:px-5 md:max-w-3xl lg:max-w-[40rem] xl:max-w-[48rem] group final-completion\">\n<div class=\"relative flex w-full flex-col agent-turn\">\n<div class=\"flex-col gap-1 md:gap-3\">\n<div class=\"flex flex-grow flex-col max-w-full\">\n<div class=\"min-h-[20px] text-message flex flex-col items-start gap-3 whitespace-pre-wrap break-words [.text-message+&amp;]:mt-5 overflow-x-auto\" data-message-author-role=\"assistant\" data-message-id=\"1da6be57-b436-4a9a-816a-9b254ea43b33\">\n<div class=\"markdown prose w-full break-words dark:prose-invert dark\">\n<p>Die Profilschiene der 1500er Serie mit einer L\u00e4nge von 385 mm ist ein hochwertiger Baugruppentr\u00e4ger, der speziell f\u00fcr die Baureihe S7-1500 entwickelt wurde. Sie bietet eine stabile Montagel\u00f6sung f\u00fcr elektronische Komponenten in Schaltschr\u00e4nken oder Geh\u00e4usen und tr\u00e4gt zur Zuverl\u00e4ssigkeit Ihrer Anlagen bei.<\/p>\n<\/div>\n<\/div>\n<\/div>\n<\/div>\n<\/div>\n<\/div>\n<\/div>\n<\/div>\n<\/div>\n<\/div>\n<\/div>\n<\/div>\n","protected":false},"featured_media":2167,"comment_status":"open","ping_status":"closed","template":"","meta":[],"product_brand":[],"product_cat":[194,226],"product_tag":[],"class_list":{"0":"post-2135","1":"product","2":"type-product","3":"status-publish","4":"has-post-thumbnail","6":"product_cat-s7-komponenten-2","7":"product_cat-s7-zubehor","9":"first","10":"instock","11":"taxable","12":"shipping-taxable","13":"product-type-simple"},"_links":{"self":[{"href":"https:\/\/pericom.biz\/index.php?rest_route=\/wp\/v2\/product\/2135","targetHints":{"allow":["GET"]}}],"collection":[{"href":"https:\/\/pericom.biz\/index.php?rest_route=\/wp\/v2\/product"}],"about":[{"href":"https:\/\/pericom.biz\/index.php?rest_route=\/wp\/v2\/types\/product"}],"replies":[{"embeddable":true,"href":"https:\/\/pericom.biz\/index.php?rest_route=%2Fwp%2Fv2%2Fcomments&post=2135"}],"wp:featuredmedia":[{"embeddable":true,"href":"https:\/\/pericom.biz\/index.php?rest_route=\/wp\/v2\/media\/2167"}],"wp:attachment":[{"href":"https:\/\/pericom.biz\/index.php?rest_route=%2Fwp%2Fv2%2Fmedia&parent=2135"}],"wp:term":[{"taxonomy":"product_brand","embeddable":true,"href":"https:\/\/pericom.biz\/index.php?rest_route=%2Fwp%2Fv2%2Fproduct_brand&post=2135"},{"taxonomy":"product_cat","embeddable":true,"href":"https:\/\/pericom.biz\/index.php?rest_route=%2Fwp%2Fv2%2Fproduct_cat&post=2135"},{"taxonomy":"product_tag","embeddable":true,"href":"https:\/\/pericom.biz\/index.php?rest_route=%2Fwp%2Fv2%2Fproduct_tag&post=2135"}],"curies":[{"name":"wp","href":"https:\/\/api.w.org\/{rel}","templated":true}]}}