{"id":2143,"date":"2026-04-16T16:47:03","date_gmt":"2026-04-16T16:47:03","guid":{"rendered":"https:\/\/pericom.biz\/?post_type=product&#038;p=2143"},"modified":"2026-04-16T16:47:27","modified_gmt":"2026-04-16T16:47:27","slug":"trupulse200x","status":"publish","type":"product","link":"https:\/\/pericom.biz\/?product=trupulse200x","title":{"rendered":"TRUPULSE200X"},"content":{"rendered":"<p>Der TRUPULSE200X ist ein pr\u00e4ziser Laserentfernungsmesser mit integriertem Neigungsmesser, der f\u00fcr anspruchsvolle Vermessungsarbeiten entwickelt wurde. Mit einem erh\u00f6hten IP-Schutzgrad bietet dieser Entfernungsmesser Zuverl\u00e4ssigkeit und Genauigkeit auch unter schwierigen Bedingungen. Das Ger\u00e4t verf\u00fcgt \u00fcber eine 7-fache Vergr\u00f6\u00dferung, ein LED-Display und eine Vielzahl von Funktionen, die es zu einem unverzichtbaren Werkzeug f\u00fcr Vermessungsprofis machen.<\/p>\n<h3><strong>Artikeldetails:<\/strong><\/h3>\n<table>\n<thead>\n<tr>\n<th>Eigenschaft<\/th>\n<th>Spezifikation<\/th>\n<\/tr>\n<\/thead>\n<tbody>\n<tr>\n<td>Vergr\u00f6\u00dferung<\/td>\n<td>7-fach<\/td>\n<\/tr>\n<tr>\n<td>Sehfeld<\/td>\n<td>100m\/915m Entfernung<\/td>\n<\/tr>\n<tr>\n<td>Display<\/td>\n<td>LED<\/td>\n<\/tr>\n<tr>\n<td>Reichweite (nicht reflektierende Ziele)<\/td>\n<td>1.900m<\/td>\n<\/tr>\n<tr>\n<td>Reichweite (reflektierende Ziele)<\/td>\n<td>2.500m<\/td>\n<\/tr>\n<tr>\n<td>Genauigkeit (Entfernung)<\/td>\n<td>\u00b1 4cm (\u00b1 30cm auf schwache Ziele, im Display angezeigt)<\/td>\n<\/tr>\n<tr>\n<td>Genauigkeit (Neigung)<\/td>\n<td>\u00b1 0,1\u00b0<\/td>\n<\/tr>\n<tr>\n<td>Schnittstellen<\/td>\n<td>RS 232\/Serielle Schnittstelle und Bluetooth (iOS kompatibel)<\/td>\n<\/tr>\n<tr>\n<td>IP Schutzgrad<\/td>\n<td>IP56<\/td>\n<\/tr>\n<\/tbody>\n<\/table>\n","protected":false},"excerpt":{"rendered":"<div class=\"flex-1 overflow-hidden\">\n<div class=\"react-scroll-to-bottom--css-bcwrn-79elbk h-full\">\n<div class=\"react-scroll-to-bottom--css-bcwrn-1n7m0yu\">\n<div class=\"flex flex-col pb-9 text-sm\">\n<div class=\"w-full text-token-text-primary\" data-testid=\"conversation-turn-391\">\n<div class=\"px-4 py-2 justify-center text-base md:gap-6 m-auto\">\n<div class=\"flex flex-1 text-base mx-auto gap-3 md:px-5 lg:px-1 xl:px-5 md:max-w-3xl lg:max-w-[40rem] xl:max-w-[48rem] group final-completion\">\n<div class=\"relative flex w-full flex-col agent-turn\">\n<div class=\"flex-col gap-1 md:gap-3\">\n<div class=\"flex flex-grow flex-col max-w-full\">\n<div class=\"min-h-[20px] text-message flex flex-col items-start gap-3 whitespace-pre-wrap break-words [.text-message+&amp;]:mt-5 overflow-x-auto\" data-message-author-role=\"assistant\" data-message-id=\"e575c0b1-7182-4570-ab8f-c50215e23e17\">\n<div class=\"markdown prose w-full break-words dark:prose-invert dark\">\n<p>Der TRUPULSE200X ist ein hochpr\u00e4ziser Laserentfernungsmesser mit integriertem Neigungsmesser, der f\u00fcr professionelle Vermessungsanwendungen konzipiert wurde. Mit einem IP56-Schutzgrad, einer Reichweite von bis zu 2.500 m und einer Vielzahl von Funktionen bietet er Zuverl\u00e4ssigkeit und Genauigkeit f\u00fcr anspruchsvolle Vermessungsarbeiten.<\/p>\n<\/div>\n<\/div>\n<\/div>\n<\/div>\n<\/div>\n<\/div>\n<\/div>\n<\/div>\n<\/div>\n<\/div>\n<\/div>\n<\/div>\n","protected":false},"featured_media":2189,"comment_status":"open","ping_status":"closed","template":"","meta":[],"product_brand":[],"product_cat":[227],"product_tag":[],"class_list":{"0":"post-2143","1":"product","2":"type-product","3":"status-publish","4":"has-post-thumbnail","6":"product_cat-laserdistanzmessgerate","8":"first","9":"instock","10":"taxable","11":"shipping-taxable","12":"product-type-simple"},"_links":{"self":[{"href":"https:\/\/pericom.biz\/index.php?rest_route=\/wp\/v2\/product\/2143","targetHints":{"allow":["GET"]}}],"collection":[{"href":"https:\/\/pericom.biz\/index.php?rest_route=\/wp\/v2\/product"}],"about":[{"href":"https:\/\/pericom.biz\/index.php?rest_route=\/wp\/v2\/types\/product"}],"replies":[{"embeddable":true,"href":"https:\/\/pericom.biz\/index.php?rest_route=%2Fwp%2Fv2%2Fcomments&post=2143"}],"wp:featuredmedia":[{"embeddable":true,"href":"https:\/\/pericom.biz\/index.php?rest_route=\/wp\/v2\/media\/2189"}],"wp:attachment":[{"href":"https:\/\/pericom.biz\/index.php?rest_route=%2Fwp%2Fv2%2Fmedia&parent=2143"}],"wp:term":[{"taxonomy":"product_brand","embeddable":true,"href":"https:\/\/pericom.biz\/index.php?rest_route=%2Fwp%2Fv2%2Fproduct_brand&post=2143"},{"taxonomy":"product_cat","embeddable":true,"href":"https:\/\/pericom.biz\/index.php?rest_route=%2Fwp%2Fv2%2Fproduct_cat&post=2143"},{"taxonomy":"product_tag","embeddable":true,"href":"https:\/\/pericom.biz\/index.php?rest_route=%2Fwp%2Fv2%2Fproduct_tag&post=2143"}],"curies":[{"name":"wp","href":"https:\/\/api.w.org\/{rel}","templated":true}]}}