{"id":2145,"date":"2026-04-16T16:47:03","date_gmt":"2026-04-16T16:47:03","guid":{"rendered":"https:\/\/pericom.biz\/?post_type=product&#038;p=2145"},"modified":"2026-04-16T16:47:29","modified_gmt":"2026-04-16T16:47:29","slug":"trupoint-200h","status":"publish","type":"product","link":"https:\/\/pericom.biz\/?product=trupoint-200h","title":{"rendered":"Trupoint 200H"},"content":{"rendered":"<p>Der Trupoint 200H ist ein hochgenauer Laserentfernungsmesser mit integriertem Neigungsmesser, der speziell f\u00fcr professionelle Messungen im Bauwesen, Facility- und Geb\u00e4udemanagement, der Immobilienwirtschaft und im Umweltschutz entwickelt wurde. Mit seiner kombinierten Simultanmessung mittels Pulse-Laser und Phase-Laser erm\u00f6glicht er pr\u00e4zise Messungen von Entfernungen, Neigungen und Objekth\u00f6hen. Sie k\u00f6nnen damit einfach Wandh\u00f6hen, -neigungen, Bohrlochl\u00e4ngen, Vorgaben, Ausbr\u00fcche und \u00dcberst\u00e4nde bestimmen. Der Trupoint 200H verf\u00fcgt \u00fcber eine 2-fache Vergr\u00f6\u00dferung und ein \u00fcbersichtliches LCD-Display im Fernrohr, sodass Sie Ziele und Messwerte auf einen Blick erfassen k\u00f6nnen. Die Reichweite betr\u00e4gt bis zu 500m mit dem Pulse-Laser und bis zu 100m mit dem Phase-Laser. Die Entfernungsmessung ist \u00e4u\u00dferst pr\u00e4zise mit einer Genauigkeit von \u00b1 1,5mm mit dem Phase-Laser und \u00b1 2-5cm mit dem Pulse-Laser. Die Neigungsmessung erfolgt mit einer Genauigkeit von \u00b1 0,1\u00b0. Mit den RS 232\/Seriellen Schnittstellen und Bluetooth bietet der Trupoint 200H vielseitige M\u00f6glichkeiten zur Daten\u00fcbertragung.<\/p>\n<h3><strong>Artikeldetails:<\/strong><\/h3>\n<table>\n<thead>\n<tr>\n<th>Eigenschaft<\/th>\n<th>Spezifikation<\/th>\n<\/tr>\n<\/thead>\n<tbody>\n<tr>\n<td>Anwendung<\/td>\n<td>Bau, Facility\/Geb\u00e4ude-Management, Immobilienwirtschaft, Umweltschutz<\/td>\n<\/tr>\n<tr>\n<td>Vergr\u00f6\u00dferung<\/td>\n<td>2-fach<\/td>\n<\/tr>\n<tr>\n<td>Display<\/td>\n<td>LCD Display im Fernrohr<\/td>\n<\/tr>\n<tr>\n<td>Reichweite (Pulse-Laser)<\/td>\n<td>bis 500m<\/td>\n<\/tr>\n<tr>\n<td>Reichweite (Phase-Laser)<\/td>\n<td>bis 100m<\/td>\n<\/tr>\n<tr>\n<td>Genauigkeit (Entfernung)<\/td>\n<td>\u00b1 1,5mm (Phase-Laser), \u00b1 2-5cm (Pulse-Laser)<\/td>\n<\/tr>\n<tr>\n<td>Genauigkeit (Neigung)<\/td>\n<td>\u00b1 0,1\u00b0<\/td>\n<\/tr>\n<tr>\n<td>Schnittstellen<\/td>\n<td>RS 232\/Serielle Schnittstelle und Bluetooth<\/td>\n<\/tr>\n<\/tbody>\n<\/table>\n","protected":false},"excerpt":{"rendered":"<p>Der Trupoint 200H ist ein hochpr\u00e4ziser Laserentfernungsmesser mit integriertem Neigungsmesser, der professionelle Messungen von Entfernungen, Neigungen und Objekth\u00f6hen erm\u00f6glicht. Er eignet sich ideal f\u00fcr den Einsatz im Bauwesen, Facility- und Geb\u00e4udemanagement, der Immobilienwirtschaft und im Umweltschutz. Mit seiner kombinierten Simultanmessung mittels Pulse-Laser und Phase-Laser sowie einer 2-fachen Vergr\u00f6\u00dferung und einem klaren LCD-Display im Fernrohr bietet der Trupoint 200H eine einfache und pr\u00e4zise Messl\u00f6sung f\u00fcr anspruchsvolle Anwendungen.<\/p>\n","protected":false},"featured_media":2191,"comment_status":"open","ping_status":"closed","template":"","meta":[],"product_brand":[],"product_cat":[227],"product_tag":[],"class_list":{"0":"post-2145","1":"product","2":"type-product","3":"status-publish","4":"has-post-thumbnail","6":"product_cat-laserdistanzmessgerate","8":"first","9":"instock","10":"taxable","11":"shipping-taxable","12":"product-type-simple"},"_links":{"self":[{"href":"https:\/\/pericom.biz\/index.php?rest_route=\/wp\/v2\/product\/2145","targetHints":{"allow":["GET"]}}],"collection":[{"href":"https:\/\/pericom.biz\/index.php?rest_route=\/wp\/v2\/product"}],"about":[{"href":"https:\/\/pericom.biz\/index.php?rest_route=\/wp\/v2\/types\/product"}],"replies":[{"embeddable":true,"href":"https:\/\/pericom.biz\/index.php?rest_route=%2Fwp%2Fv2%2Fcomments&post=2145"}],"wp:featuredmedia":[{"embeddable":true,"href":"https:\/\/pericom.biz\/index.php?rest_route=\/wp\/v2\/media\/2191"}],"wp:attachment":[{"href":"https:\/\/pericom.biz\/index.php?rest_route=%2Fwp%2Fv2%2Fmedia&parent=2145"}],"wp:term":[{"taxonomy":"product_brand","embeddable":true,"href":"https:\/\/pericom.biz\/index.php?rest_route=%2Fwp%2Fv2%2Fproduct_brand&post=2145"},{"taxonomy":"product_cat","embeddable":true,"href":"https:\/\/pericom.biz\/index.php?rest_route=%2Fwp%2Fv2%2Fproduct_cat&post=2145"},{"taxonomy":"product_tag","embeddable":true,"href":"https:\/\/pericom.biz\/index.php?rest_route=%2Fwp%2Fv2%2Fproduct_tag&post=2145"}],"curies":[{"name":"wp","href":"https:\/\/api.w.org\/{rel}","templated":true}]}}