{"id":2146,"date":"2026-04-16T16:47:03","date_gmt":"2026-04-16T16:47:03","guid":{"rendered":"https:\/\/pericom.biz\/?post_type=product&#038;p=2146"},"modified":"2026-04-16T16:47:30","modified_gmt":"2026-04-16T16:47:30","slug":"automation-browser","status":"publish","type":"product","link":"https:\/\/pericom.biz\/?product=automation-browser","title":{"rendered":"Automation Browser"},"content":{"rendered":"<h2>Download Automation Browser Standard f\u00fcr Android Web-Panel der PA2-Serie<\/h2>\n<p>Aktuelle Version: 1.034<\/p>\n<p>Spezialversionen f\u00fcr:<\/p>\n<p>Codesys V2 (16bpp)<\/p>\n","protected":false},"excerpt":{"rendered":"<p>Der Automation Browser ist ein Browser der speziell auf die Bed\u00fcrfnisse der Industrie zugeschnitten ist. Verf\u00fcgbar f\u00fcr Android, Linux oder Windows Betriebssysteme.<\/p>\n","protected":false},"featured_media":2194,"comment_status":"closed","ping_status":"closed","template":"","meta":[],"product_brand":[],"product_cat":[28,228],"product_tag":[],"class_list":{"0":"post-2146","1":"product","2":"type-product","3":"status-publish","4":"has-post-thumbnail","6":"product_cat-software","7":"product_cat-software-web-panel","9":"first","10":"instock","11":"downloadable","12":"virtual","13":"taxable","14":"product-type-simple"},"_links":{"self":[{"href":"https:\/\/pericom.biz\/index.php?rest_route=\/wp\/v2\/product\/2146","targetHints":{"allow":["GET"]}}],"collection":[{"href":"https:\/\/pericom.biz\/index.php?rest_route=\/wp\/v2\/product"}],"about":[{"href":"https:\/\/pericom.biz\/index.php?rest_route=\/wp\/v2\/types\/product"}],"replies":[{"embeddable":true,"href":"https:\/\/pericom.biz\/index.php?rest_route=%2Fwp%2Fv2%2Fcomments&post=2146"}],"wp:featuredmedia":[{"embeddable":true,"href":"https:\/\/pericom.biz\/index.php?rest_route=\/wp\/v2\/media\/2194"}],"wp:attachment":[{"href":"https:\/\/pericom.biz\/index.php?rest_route=%2Fwp%2Fv2%2Fmedia&parent=2146"}],"wp:term":[{"taxonomy":"product_brand","embeddable":true,"href":"https:\/\/pericom.biz\/index.php?rest_route=%2Fwp%2Fv2%2Fproduct_brand&post=2146"},{"taxonomy":"product_cat","embeddable":true,"href":"https:\/\/pericom.biz\/index.php?rest_route=%2Fwp%2Fv2%2Fproduct_cat&post=2146"},{"taxonomy":"product_tag","embeddable":true,"href":"https:\/\/pericom.biz\/index.php?rest_route=%2Fwp%2Fv2%2Fproduct_tag&post=2146"}],"curies":[{"name":"wp","href":"https:\/\/api.w.org\/{rel}","templated":true}]}}