{"id":2174,"date":"2026-04-16T16:47:23","date_gmt":"2026-04-16T16:47:23","guid":{"rendered":"https:\/\/pericom.biz\/?post_type=product&#038;p=2174"},"modified":"2026-04-16T16:47:36","modified_gmt":"2026-04-16T16:47:36","slug":"ethernet-cable-guard","status":"publish","type":"product","link":"https:\/\/pericom.biz\/?product=ethernet-cable-guard","title":{"rendered":"Ethernet Cable Guard"},"content":{"rendered":"<p>Der Cable Guard wird in den zu \u00dcberwachenden Kabelstrang eingeschleift und kann \u00fcber eine Status-LED, eine getrennte Netzwerkverbindung oder \u00fcber einen digitalen Ausgang \u00fcber die Qualit\u00e4t der Kabelverbindung informieren. Die R\u00fcckmeldung kann als PWM-Signal am Ausgang dargestellt werden. Der Alarm-Grenzwert ist individuell einstellbar.<\/p>\n<p>Zur Integration in IIoT Strukturen kann der \u00fcberwachte Kabelzustand auch via MQTT durch den Cable Guard versendet werden.<\/p>\n<p>Das besonders kompaktes Design ist geeignet f\u00fcr den Einsatz in dezentralen Schaltschr\u00e4nken, die Montage ist auf handels\u00fcblichen Hutschienen m\u00f6glich.<\/p>\n<p>Der Cable Guard ist auch f\u00fcr EtherCAT-, EtherNet\/IP- und 2-paarige PROFINET-Anwendungen geeignet.<\/p>\n<p>Spezifikationen:<\/p>\n<ul>\n<li>\u00dcberwachung der Lebensdauer einer ausfallgef\u00e4hrdeten Datenleitung (z.B. funktionskritische Datenleitung in dynamischen oder mechanisch belasteten Anwendungen)<\/li>\n<li>Erh\u00f6hung der Anlagenverf\u00fcgbarkeit durch planbare Stillstandszeiten<\/li>\n<li>Reduzierung der Instand-haltungskosten<\/li>\n<li>Einfache Inbetriebnahme mit automatisierter Parametrisierung (&#171;Teach-In&#187; in wenigen Sekunden)<\/li>\n<li>Erfordert keine neue Datenleitung oder \u00c4nderungen am Kabeldesign; Retrofit in die bestehende Netzstruktur ist jederzeit m\u00f6glich<\/li>\n<li>Verl\u00e4ssliche IIoT-Kommunikation dank MQTT-Schnittstelle<\/li>\n<li>Geeignet f\u00fcr Datenleitungen gem\u00e4\u00df \u00dcbertragungsstandard 100BASE-TX (mit 100 Mbit\/s) nach IEEE 802.3<\/li>\n<\/ul>\n<h2>Downloads:<\/h2>\n<p><a href=\"https:\/\/pericom.biz\/wp-content\/uploads\/woocommerce_uploads\/2024\/04\/700-200-LAN01-Quickstart-Guide-Ethernet-Cable-Guard-DE-V1-7t5xj1.pdf\">Quick Start Guide 700-200-LAN01<\/a><\/p>\n<p><a href=\"https:\/\/pericom.biz\/wp-content\/uploads\/woocommerce_uploads\/2024\/04\/700-200-LAN01-Handbuch-Ethernet-Cable-Guard-DE-V1-4v1if1.pdf\">Handbuch 700-200-LAN01<\/a><\/p>\n","protected":false},"excerpt":{"rendered":"<p>Der Ethernet Cable Guard erm\u00f6glicht die Lebensdauer-\u00dcberwachung von Standard Ethernet-Datenleitungen (100Base-TX) mit Fokus auf dynamische Anwendungen in der Automatisierungstechnik, wie z.B. einem Schleppkabeln zu beweglichen Maschinenteilen (Roboter).<\/p>\n<p>Mit dem Ethernet Cable Guard kann die Anlagenverf\u00fcgbarkeit erh\u00f6ht werden. Stillstandszeiten sind planbar. Instandhaltungskosten k\u00f6nnen deutlich reduziert werden.<\/p>\n","protected":false},"featured_media":2201,"comment_status":"open","ping_status":"closed","template":"","meta":[],"product_brand":[],"product_cat":[32,24],"product_tag":[],"class_list":{"0":"post-2174","1":"product","2":"type-product","3":"status-publish","4":"has-post-thumbnail","6":"product_cat-diagnose","7":"product_cat-industrial-ethernet","9":"first","10":"instock","11":"downloadable","12":"taxable","13":"shipping-taxable","14":"product-type-simple"},"_links":{"self":[{"href":"https:\/\/pericom.biz\/index.php?rest_route=\/wp\/v2\/product\/2174","targetHints":{"allow":["GET"]}}],"collection":[{"href":"https:\/\/pericom.biz\/index.php?rest_route=\/wp\/v2\/product"}],"about":[{"href":"https:\/\/pericom.biz\/index.php?rest_route=\/wp\/v2\/types\/product"}],"replies":[{"embeddable":true,"href":"https:\/\/pericom.biz\/index.php?rest_route=%2Fwp%2Fv2%2Fcomments&post=2174"}],"wp:featuredmedia":[{"embeddable":true,"href":"https:\/\/pericom.biz\/index.php?rest_route=\/wp\/v2\/media\/2201"}],"wp:attachment":[{"href":"https:\/\/pericom.biz\/index.php?rest_route=%2Fwp%2Fv2%2Fmedia&parent=2174"}],"wp:term":[{"taxonomy":"product_brand","embeddable":true,"href":"https:\/\/pericom.biz\/index.php?rest_route=%2Fwp%2Fv2%2Fproduct_brand&post=2174"},{"taxonomy":"product_cat","embeddable":true,"href":"https:\/\/pericom.biz\/index.php?rest_route=%2Fwp%2Fv2%2Fproduct_cat&post=2174"},{"taxonomy":"product_tag","embeddable":true,"href":"https:\/\/pericom.biz\/index.php?rest_route=%2Fwp%2Fv2%2Fproduct_tag&post=2174"}],"curies":[{"name":"wp","href":"https:\/\/api.w.org\/{rel}","templated":true}]}}