{"id":2176,"date":"2026-04-16T16:47:24","date_gmt":"2026-04-16T16:47:24","guid":{"rendered":"https:\/\/pericom.biz\/?post_type=product&#038;p=2176"},"modified":"2026-04-16T16:47:41","modified_gmt":"2026-04-16T16:47:41","slug":"flextra-slim-line-ethernet-switch-8-ports","status":"publish","type":"product","link":"https:\/\/pericom.biz\/?product=flextra-slim-line-ethernet-switch-8-ports","title":{"rendered":"Flextra Slim Line Ethernet Switch 8 Ports"},"content":{"rendered":"<p>Der Switch ist zur Montage auf der Hutschiene geeignet und l\u00e4sst sich sehr einfach in Ihr Netzwerk integrieren. Einmal gesteckt, ist er durch die simple Plug &amp; Play Montage sofort betriebsbereit. Es ist keine Konfiguration notwendig.<\/p>\n<p>Der 8-Port unmanaged Ethernet-Switch ist f\u00fcr PROFINET-Netzwerke geeignet. Die Funktionen LLPD (Nachbarschaftserkennung) und PTCP (Zeitsynchronisation) werden gem\u00e4\u00df PROFINET-Norm mit dem Switch korrekt behandelt. Der unmanaged Ethernet-Switch entspricht somit PROFINET Conformance Class A. Verbinden Sie bis zu 8 Ethernet Teilnehmer mit 10 oder 100 Mbit\/s.<\/p>\n<p>Spezifikationen:<\/p>\n<ul>\n<li>Store-and-Forward architecture<\/li>\n<li>10Base-T\/100Base-TX<\/li>\n<li>Full-\/Half-Duplex<\/li>\n<li>Autonegotiation<\/li>\n<li>Auto MDI\/MDI-X (IEEE 802.3u Auto crossover support)<\/li>\n<li>LLDP &amp; PTCP Delay-Traffic blocking (for PROFINET networks)<\/li>\n<li>PROFINET Conformance Class A<\/li>\n<li>QoS-Priority-Queues: 2 per port<\/li>\n<li>1K MAC address lookup table<\/li>\n<li>448K bit packet buffering<\/li>\n<li>max forwarding packet length 1552 bytes<\/li>\n<\/ul>\n<p>&nbsp;<\/p>\n","protected":false},"excerpt":{"rendered":"<p>Der unmanaged Ethernet-Switch \u00fcberzeugt durch sein leichtes aber trotzdem robustes Design.\u00a0Durch die ultrakompakte und platzsparende Bauweise eignet er sich auch f\u00fcr Schaltschr\u00e4nke mit wenig Raum wie Sie bspw. an weitl\u00e4ufigen F\u00f6rderbandanlagen im Feld zu finden sind.<\/p>\n","protected":false},"featured_media":2207,"comment_status":"closed","ping_status":"closed","template":"","meta":[],"product_brand":[],"product_cat":[24,35,168],"product_tag":[171,231,162,230,170],"class_list":{"0":"post-2176","1":"product","2":"type-product","3":"status-publish","4":"has-post-thumbnail","6":"product_cat-industrial-ethernet","7":"product_cat-switches","8":"product_cat-unmanaged","9":"product_tag-8-ports","10":"product_tag-ethernet-switch","11":"product_tag-profinet","12":"product_tag-slim-line","13":"product_tag-unmanaged","15":"first","16":"instock","17":"downloadable","18":"taxable","19":"shipping-taxable","20":"product-type-simple"},"_links":{"self":[{"href":"https:\/\/pericom.biz\/index.php?rest_route=\/wp\/v2\/product\/2176","targetHints":{"allow":["GET"]}}],"collection":[{"href":"https:\/\/pericom.biz\/index.php?rest_route=\/wp\/v2\/product"}],"about":[{"href":"https:\/\/pericom.biz\/index.php?rest_route=\/wp\/v2\/types\/product"}],"replies":[{"embeddable":true,"href":"https:\/\/pericom.biz\/index.php?rest_route=%2Fwp%2Fv2%2Fcomments&post=2176"}],"wp:featuredmedia":[{"embeddable":true,"href":"https:\/\/pericom.biz\/index.php?rest_route=\/wp\/v2\/media\/2207"}],"wp:attachment":[{"href":"https:\/\/pericom.biz\/index.php?rest_route=%2Fwp%2Fv2%2Fmedia&parent=2176"}],"wp:term":[{"taxonomy":"product_brand","embeddable":true,"href":"https:\/\/pericom.biz\/index.php?rest_route=%2Fwp%2Fv2%2Fproduct_brand&post=2176"},{"taxonomy":"product_cat","embeddable":true,"href":"https:\/\/pericom.biz\/index.php?rest_route=%2Fwp%2Fv2%2Fproduct_cat&post=2176"},{"taxonomy":"product_tag","embeddable":true,"href":"https:\/\/pericom.biz\/index.php?rest_route=%2Fwp%2Fv2%2Fproduct_tag&post=2176"}],"curies":[{"name":"wp","href":"https:\/\/api.w.org\/{rel}","templated":true}]}}