{"id":2177,"date":"2026-04-16T16:47:24","date_gmt":"2026-04-16T16:47:24","guid":{"rendered":"https:\/\/pericom.biz\/?post_type=product&#038;p=2177"},"modified":"2026-04-16T16:47:43","modified_gmt":"2026-04-16T16:47:43","slug":"mqtt-broker","status":"publish","type":"product","link":"https:\/\/pericom.biz\/?product=mqtt-broker","title":{"rendered":"MQTT Broker"},"content":{"rendered":"<p>Der MQTT-Broker hat 4 Ethernet-Schnittstellen mit bis zu 100 MBit. Die Konfiguration findet vollst\u00e4ndig \u00fcber das Webinterface statt. Der MQTT-Broker kann je nach Anwendung in zwei Betriebsmodi konfiguriert werden: &#171;Switch&#187; und &#171;Firewall&#187;. Soll der MQTT-Broker innerhalb eines geschlossenen Maschinennetzwerkes die MQTT-Nachrichten speichern und verteilen, so k\u00f6nnen alle 4 Ethernet-Anschl\u00fcsse im gleichen IP-Subnetz verwendet werden. Im Betriebsmodus \u201eSwitch\u201c ist der MQTT-Broker \u00fcber eine IP-Adresse erreichbar.<\/p>\n<p>Der zweite Betriebsmodus \u201eFirewall\u201c erm\u00f6glicht die MQTT-Kommunikation zwischen zwei verschiedenen Netzwerken, z.B. der Maschine und dem \u00fcbergeordneten Leitrechner- oder Firmen-Netzwerk. Auch eine Verbindung in die Cloud ist damit sicher l\u00f6sbar.<\/p>\n<p>In diesem Betriebsmodus sind die linken und die rechten beiden Ethernet-Buchsen in unterschiedlichen IP-Subnetzen mit jeweils einer eigenen IP-Adresse.<br \/>\nDie Besonderheit hierbei ist, dass \u00fcber den MQTT-Broker ausschlie\u00dflich die MQTT-Inhalte zwischen den beiden Netzwerken ausgetauscht werden. Jede Netzwerkseite sieht einen eigenen MQTT-Broker in dem nur die Nachrichteninhalten gegenseitig ausgetauscht werden. Es wird keine direkte Netzwerkkommunikation zwischen den beiden Netzwerkseiten ausgetauscht. Der MQTT-Broker stellt somit eine komplett gesperrte Firewall dar. Im Rahmen einer Maschinen-Sicherheitsbetrachtung ist der MQTT-Broker ein sicherer \u00dcbergang (\u201eConduit\u201c) zwischen zwei Zonen ausschlie\u00dflich f\u00fcr MQTT-Nachrichten.<\/p>\n<p>Spezifikationen:<\/p>\n<ul>\n<li>sehr kompakte Bauform f\u00fcr die Hutschiene<\/li>\n<li>Switch oder Firewall-Betriebmodus (Zonen-\u00dcbergang)<\/li>\n<li>Konfiguration \u00fcber Webinterface<\/li>\n<li>Full MQTT V3.1.1 &amp; V5 Feature-Set<\/li>\n<li>Benutzermanagement<\/li>\n<li>ACL Verwaltung<\/li>\n<li>TLS Encryption<\/li>\n<li>Export\/Import der Konfiguration in editierbarem Dateiformat<\/li>\n<\/ul>\n<h2>Downloads:<\/h2>\n","protected":false},"excerpt":{"rendered":"<p>Der MQTT-Broker erm\u00f6glicht das Speichern und Weiterleiten von MQTT-Nachrichten. Mit seiner extrem kleinen Bauform f\u00fcr die Hutschienenmontage findet er auch noch im kleinsten Schaltschrank Platz.<\/p>\n<p>Als vollwertiger MQTT-Broker erm\u00f6glicht er die Vernetzung einer gro\u00dfen Zahl an MQTT Teilnehmern innerhalb einer Maschine, in einem Fabriknetzwerk oder zur Weiterleitung an die Cloud.<\/p>\n","protected":false},"featured_media":2209,"comment_status":"open","ping_status":"closed","template":"","meta":[],"product_brand":[],"product_cat":[27,160],"product_tag":[],"class_list":{"0":"post-2177","1":"product","2":"type-product","3":"status-publish","4":"has-post-thumbnail","6":"product_cat-gateways","7":"product_cat-serie-helmholz","9":"first","10":"instock","11":"downloadable","12":"taxable","13":"shipping-taxable","14":"product-type-simple"},"_links":{"self":[{"href":"https:\/\/pericom.biz\/index.php?rest_route=\/wp\/v2\/product\/2177","targetHints":{"allow":["GET"]}}],"collection":[{"href":"https:\/\/pericom.biz\/index.php?rest_route=\/wp\/v2\/product"}],"about":[{"href":"https:\/\/pericom.biz\/index.php?rest_route=\/wp\/v2\/types\/product"}],"replies":[{"embeddable":true,"href":"https:\/\/pericom.biz\/index.php?rest_route=%2Fwp%2Fv2%2Fcomments&post=2177"}],"wp:featuredmedia":[{"embeddable":true,"href":"https:\/\/pericom.biz\/index.php?rest_route=\/wp\/v2\/media\/2209"}],"wp:attachment":[{"href":"https:\/\/pericom.biz\/index.php?rest_route=%2Fwp%2Fv2%2Fmedia&parent=2177"}],"wp:term":[{"taxonomy":"product_brand","embeddable":true,"href":"https:\/\/pericom.biz\/index.php?rest_route=%2Fwp%2Fv2%2Fproduct_brand&post=2177"},{"taxonomy":"product_cat","embeddable":true,"href":"https:\/\/pericom.biz\/index.php?rest_route=%2Fwp%2Fv2%2Fproduct_cat&post=2177"},{"taxonomy":"product_tag","embeddable":true,"href":"https:\/\/pericom.biz\/index.php?rest_route=%2Fwp%2Fv2%2Fproduct_tag&post=2177"}],"curies":[{"name":"wp","href":"https:\/\/api.w.org\/{rel}","templated":true}]}}