{"id":2182,"date":"2026-04-16T16:47:24","date_gmt":"2026-04-16T16:47:24","guid":{"rendered":"https:\/\/pericom.biz\/?post_type=product&#038;p=2182"},"modified":"2026-04-16T16:47:52","modified_gmt":"2026-04-16T16:47:52","slug":"siemens-zertifizierter-industrial-edge-panel-pc-npp-215p02","status":"publish","type":"product","link":"https:\/\/pericom.biz\/?product=siemens-zertifizierter-industrial-edge-panel-pc-npp-215p02","title":{"rendered":"Siemens-zertifizierter Industrial Edge Panel-PC &#8211; NPP-215P02"},"content":{"rendered":"<p>Der l\u00fcfterlose 21.5&#8243; Panel-PC NPP-215P02 ist ein Siemens-zertifizierter Industrial Edge Panel-PC, der speziell f\u00fcr industrielle Anwendungen entwickelt wurde. Mit seinem robusten Design und seiner leistungsstarken Hardware ist dieser Panel-PC ideal f\u00fcr anspruchsvolle Umgebungen geeignet. Das 21.5&#8243; TFT-Display mit Projected Capacitive Touch (PCT) erm\u00f6glicht eine intuitive Bedienung, w\u00e4hrend die Intel\u00ae Alder Lake-N97 CPU f\u00fcr eine ansprechende\u00a0 Leistung sorgt. Mit einer Full-HD-Aufl\u00f6sung von 1920 x 1080 Pixeln, 8 GB RAM und 128 GB SSD bietet dieser Panel-PC ausreichend Leistung und Speicherplatz f\u00fcr vielf\u00e4ltige Anwendungen. Er verf\u00fcgt zudem \u00fcber eine Vielzahl von Anschlussm\u00f6glichkeiten, darunter 2 x 2.5 GB LAN, 6x USB, 2x COM, Line Out und HDMI\/DP. Mit einem Betriebsspannungsbereich von 9 bis 36 VDC und der IP66-Zertifizierung ist dieser Panel-PC \u00e4u\u00dferst flexibel und robust. Er unterst\u00fctzt die Betriebssysteme Win10-IoT und Linux, um den unterschiedlichen Anforderungen gerecht zu werden.<\/p>\n<h3><strong>Artikeldetails:<\/strong><\/h3>\n<table>\n<thead>\n<tr>\n<th>Eigenschaft<\/th>\n<th>Spezifikation<\/th>\n<\/tr>\n<\/thead>\n<tbody>\n<tr>\n<td>Display<\/td>\n<td>21.5&#8243; TFT mit Projected Capacitive Touch<\/td>\n<\/tr>\n<tr>\n<td>CPU<\/td>\n<td>Intel\u00ae Alder Lake-N Processor N97<\/td>\n<\/tr>\n<tr>\n<td>Aufl\u00f6sung<\/td>\n<td>1920 x 1080 Pixel (Full HD)<\/td>\n<\/tr>\n<tr>\n<td>RAM<\/td>\n<td>8 GB<\/td>\n<\/tr>\n<tr>\n<td>Speicher<\/td>\n<td>128 GB SSD<\/td>\n<\/tr>\n<tr>\n<td>Anschl\u00fcsse<\/td>\n<td>2 x\u00a0 2.5 GB LAN, 6 x USB, 2 x COM, HDMI\/DP<\/td>\n<\/tr>\n<tr>\n<td>Betriebsspannung<\/td>\n<td>9-36 VDC<\/td>\n<\/tr>\n<tr>\n<td>Schutzart<\/td>\n<td>IP66<\/td>\n<\/tr>\n<tr>\n<td>Betriebssysteme<\/td>\n<td>Win10-IoT, Linux<\/td>\n<\/tr>\n<\/tbody>\n<\/table>\n<p>&nbsp;<\/p>\n","protected":false},"excerpt":{"rendered":"<p>Der NPP-215P02 ist ein l\u00fcfterloser 21.5&#8243; Panel-PC und Siemens-zertifizierter Industrial Edge Panel-PC. Mit seinem robusten Design, leistungsstarker Hardware und einer Vielzahl von Anschlussm\u00f6glichkeiten ist er die ideale L\u00f6sung f\u00fcr anspruchsvolle industrielle Anwendungen.<\/p>\n","protected":false},"featured_media":1569,"comment_status":"closed","ping_status":"closed","template":"","meta":[],"product_brand":[],"product_cat":[71,70],"product_tag":[72,73,74,75,76,77,78,45],"class_list":{"0":"post-2182","1":"product","2":"type-product","3":"status-publish","4":"has-post-thumbnail","6":"product_cat-npp-serie","7":"product_cat-panel-pc-2","8":"product_tag-15-touch-panel","9":"product_tag-dual-ethernet","10":"product_tag-edge-panel-pc","11":"product_tag-full-hd","12":"product_tag-ip65","13":"product_tag-schaltschrankeinbau","14":"product_tag-siemens-zertifiziert","15":"product_tag-windows-betriebssystem","17":"first","18":"instock","19":"downloadable","20":"taxable","21":"shipping-taxable","22":"product-type-simple"},"_links":{"self":[{"href":"https:\/\/pericom.biz\/index.php?rest_route=\/wp\/v2\/product\/2182","targetHints":{"allow":["GET"]}}],"collection":[{"href":"https:\/\/pericom.biz\/index.php?rest_route=\/wp\/v2\/product"}],"about":[{"href":"https:\/\/pericom.biz\/index.php?rest_route=\/wp\/v2\/types\/product"}],"replies":[{"embeddable":true,"href":"https:\/\/pericom.biz\/index.php?rest_route=%2Fwp%2Fv2%2Fcomments&post=2182"}],"wp:featuredmedia":[{"embeddable":true,"href":"https:\/\/pericom.biz\/index.php?rest_route=\/wp\/v2\/media\/1569"}],"wp:attachment":[{"href":"https:\/\/pericom.biz\/index.php?rest_route=%2Fwp%2Fv2%2Fmedia&parent=2182"}],"wp:term":[{"taxonomy":"product_brand","embeddable":true,"href":"https:\/\/pericom.biz\/index.php?rest_route=%2Fwp%2Fv2%2Fproduct_brand&post=2182"},{"taxonomy":"product_cat","embeddable":true,"href":"https:\/\/pericom.biz\/index.php?rest_route=%2Fwp%2Fv2%2Fproduct_cat&post=2182"},{"taxonomy":"product_tag","embeddable":true,"href":"https:\/\/pericom.biz\/index.php?rest_route=%2Fwp%2Fv2%2Fproduct_tag&post=2182"}],"curies":[{"name":"wp","href":"https:\/\/api.w.org\/{rel}","templated":true}]}}