{"id":2183,"date":"2026-04-16T16:47:24","date_gmt":"2026-04-16T16:47:24","guid":{"rendered":"https:\/\/pericom.biz\/?post_type=product&#038;p=2183"},"modified":"2026-04-16T16:48:07","modified_gmt":"2026-04-16T16:48:07","slug":"trupulse300i","status":"publish","type":"product","link":"https:\/\/pericom.biz\/?product=trupulse300i","title":{"rendered":"TRUPULSE300i"},"content":{"rendered":"<p>Der TRUPULSE200 ist ein hochpr\u00e4ziser Laserentfernungsmesser mit integriertem Neigungsmesser, der eine Vielzahl von Messungen erm\u00f6glicht, darunter Entfernungen, Neigungen und Objekth\u00f6hen. Mit einer 5-fachen Vergr\u00f6\u00dferung und einem klaren LCD-Display im Fernrohr k\u00f6nnen Sie Ziele und Messwerte einfach und schnell erfassen. Der TRUPULSE300 eignet sich ideal f\u00fcr Vermessungsarbeiten, Bauanwendungen und andere anspruchsvolle Aufgaben, bei denen genaue Messungen erforderlich sind.<\/p>\n<h3><strong>Artikeldetails:<\/strong><\/h3>\n<table>\n<thead>\n<tr>\n<th>Eigenschaft<\/th>\n<th>Spezifikation<\/th>\n<\/tr>\n<\/thead>\n<tbody>\n<tr>\n<td>Vergr\u00f6\u00dferung<\/td>\n<td>5-fach<\/td>\n<\/tr>\n<tr>\n<td>Abmessungen<\/td>\n<td>88 x 43.4 x 118.3 mm<\/td>\n<\/tr>\n<tr>\n<td>Display<\/td>\n<td>LCD Display im Fernrohr<\/td>\n<\/tr>\n<tr>\n<td>Reichweite<\/td>\n<td>0,5 m bis 2500 m<\/td>\n<\/tr>\n<tr>\n<td>Temperaturbereich<\/td>\n<td>-20\u00b0C&#8230;60\u00b0C<\/td>\n<\/tr>\n<tr>\n<td>Genauigkeit (Entfernung)<\/td>\n<td>\u00b1 10cm bis 1000m , \u00b1 20cm bis 2500 m<\/td>\n<\/tr>\n<tr>\n<td>Genauigkeit (Neigung)<\/td>\n<td>&lt;1\u00b0<\/td>\n<\/tr>\n<tr>\n<td>Schnittstellen<\/td>\n<td>Bluetooth 4.0,<\/td>\n<\/tr>\n<tr>\n<td>IP Schutzgrad<\/td>\n<td>IP67<\/td>\n<\/tr>\n<\/tbody>\n<\/table>\n<p>&nbsp;<\/p>\n","protected":false},"excerpt":{"rendered":"<p>Der TRUPULSE300i ist ein hochpr\u00e4ziser Laserentfernungsmesser mit integriertem Neigungsmesser, der pr\u00e4zise Messungen von Entfernungen, Neigungen und Objekth\u00f6hen erm\u00f6glicht. Mit einer 5-fachen Vergr\u00f6\u00dferung und einem klaren LCD-Display im Fernrohr bietet er eine einfache und schnelle Erfassung von Zielen und Messwerten. Mit seinem robusten Geh\u00e4use und dem IP67-Schutzgrad ist er ideal f\u00fcr anspruchsvolle Vermessungsarbeiten und Bauanwendungen geeignet.<\/p>\n","protected":false},"featured_media":2218,"comment_status":"closed","ping_status":"closed","template":"","meta":[],"product_brand":[],"product_cat":[227],"product_tag":[],"class_list":{"0":"post-2183","1":"product","2":"type-product","3":"status-publish","4":"has-post-thumbnail","6":"product_cat-laserdistanzmessgerate","8":"first","9":"instock","10":"downloadable","11":"taxable","12":"shipping-taxable","13":"product-type-simple"},"_links":{"self":[{"href":"https:\/\/pericom.biz\/index.php?rest_route=\/wp\/v2\/product\/2183","targetHints":{"allow":["GET"]}}],"collection":[{"href":"https:\/\/pericom.biz\/index.php?rest_route=\/wp\/v2\/product"}],"about":[{"href":"https:\/\/pericom.biz\/index.php?rest_route=\/wp\/v2\/types\/product"}],"replies":[{"embeddable":true,"href":"https:\/\/pericom.biz\/index.php?rest_route=%2Fwp%2Fv2%2Fcomments&post=2183"}],"wp:featuredmedia":[{"embeddable":true,"href":"https:\/\/pericom.biz\/index.php?rest_route=\/wp\/v2\/media\/2218"}],"wp:attachment":[{"href":"https:\/\/pericom.biz\/index.php?rest_route=%2Fwp%2Fv2%2Fmedia&parent=2183"}],"wp:term":[{"taxonomy":"product_brand","embeddable":true,"href":"https:\/\/pericom.biz\/index.php?rest_route=%2Fwp%2Fv2%2Fproduct_brand&post=2183"},{"taxonomy":"product_cat","embeddable":true,"href":"https:\/\/pericom.biz\/index.php?rest_route=%2Fwp%2Fv2%2Fproduct_cat&post=2183"},{"taxonomy":"product_tag","embeddable":true,"href":"https:\/\/pericom.biz\/index.php?rest_route=%2Fwp%2Fv2%2Fproduct_tag&post=2183"}],"curies":[{"name":"wp","href":"https:\/\/api.w.org\/{rel}","templated":true}]}}