{"id":2184,"date":"2026-04-16T16:47:24","date_gmt":"2026-04-16T16:47:24","guid":{"rendered":"https:\/\/pericom.biz\/?post_type=product&#038;p=2184"},"modified":"2026-04-16T16:48:10","modified_gmt":"2026-04-16T16:48:10","slug":"eticcube","status":"publish","type":"product","link":"https:\/\/pericom.biz\/?product=eticcube","title":{"rendered":"ETICcube"},"content":{"rendered":"<p>Der ETICcube ist ein robuster Industrie-Router, der in einem wasserdichten Geh\u00e4use mit der Schutzklasse IP68 eingebaut ist und sich damit ideal f\u00fcr den\u00a0 Einsatz im Outdoor Bereich eignet. Er bietet eine zuverl\u00e4ssige WAN-Verbindung \u00fcber 4G sowie einen LAN-Ethernet-Port f\u00fcr die Verbindung zur Steuerung. Die Versorgung erfolgt \u00fcber PoE.<\/p>\n<h3><strong>Artikeldetails:<\/strong><\/h3>\n<table>\n<thead>\n<tr>\n<th>Eigenschaft<\/th>\n<th>Spezifikation<\/th>\n<\/tr>\n<\/thead>\n<tbody>\n<tr>\n<td>Geh\u00e4use<\/td>\n<td>IP68<\/td>\n<\/tr>\n<tr>\n<td>WAN Verbindung<\/td>\n<td>4G<\/td>\n<\/tr>\n<tr>\n<td>LAN Verbindung<\/td>\n<td>Ethernet<\/td>\n<\/tr>\n<tr>\n<td>VPN Links<\/td>\n<td>Bis zu 10 (OpenVPN oder IPSec)<\/td>\n<\/tr>\n<tr>\n<td>Firewall<\/td>\n<td>Stateful Packet Inspection<\/td>\n<\/tr>\n<tr>\n<td>Remote Access<\/td>\n<td>PC, Tablet und Smartphone<\/td>\n<\/tr>\n<tr>\n<td>Konfiguration<\/td>\n<td>HTML mit HTTPS Verschl\u00fcsselung<\/td>\n<\/tr>\n<tr>\n<td>Temperaturbereich<\/td>\n<td>-20\u00b0C bis +70\u00b0C<\/td>\n<\/tr>\n<tr>\n<td>Weitere Funktionen<\/td>\n<td>PoE<\/td>\n<\/tr>\n<tr>\n<td>Kompatibilit\u00e4tsoptionen<\/td>\n<td>RAS, IPL<\/td>\n<\/tr>\n<\/tbody>\n<\/table>\n<p>&nbsp;<\/p>\n","protected":false},"excerpt":{"rendered":"<p>Die EticCUBE-L\u00f6sung erm\u00f6glicht die Installation der Machine-Access-Boxen RAS und der VPN-Router IPL im Au\u00dfenbereich.<br \/>\nEticCUBE erm\u00f6glicht au\u00dferdem, die Antenne bis zu 100 m vom industriellen Prozess entfernt zu<br \/>\npositionieren.<\/p>\n","protected":false},"featured_media":2222,"comment_status":"closed","ping_status":"closed","template":"","meta":[],"product_brand":[],"product_cat":[183,190],"product_tag":[135,235,236,237,238,52,239],"class_list":{"0":"post-2184","1":"product","2":"type-product","3":"status-publish","4":"has-post-thumbnail","6":"product_cat-fernwartung","7":"product_cat-vpn-router-ipl","8":"product_tag-4g","9":"product_tag-industrie-router","10":"product_tag-ip68","11":"product_tag-ipl","12":"product_tag-outdoor","13":"product_tag-poe","14":"product_tag-router","16":"first","17":"instock","18":"downloadable","19":"taxable","20":"shipping-taxable","21":"product-type-simple"},"_links":{"self":[{"href":"https:\/\/pericom.biz\/index.php?rest_route=\/wp\/v2\/product\/2184","targetHints":{"allow":["GET"]}}],"collection":[{"href":"https:\/\/pericom.biz\/index.php?rest_route=\/wp\/v2\/product"}],"about":[{"href":"https:\/\/pericom.biz\/index.php?rest_route=\/wp\/v2\/types\/product"}],"replies":[{"embeddable":true,"href":"https:\/\/pericom.biz\/index.php?rest_route=%2Fwp%2Fv2%2Fcomments&post=2184"}],"wp:featuredmedia":[{"embeddable":true,"href":"https:\/\/pericom.biz\/index.php?rest_route=\/wp\/v2\/media\/2222"}],"wp:attachment":[{"href":"https:\/\/pericom.biz\/index.php?rest_route=%2Fwp%2Fv2%2Fmedia&parent=2184"}],"wp:term":[{"taxonomy":"product_brand","embeddable":true,"href":"https:\/\/pericom.biz\/index.php?rest_route=%2Fwp%2Fv2%2Fproduct_brand&post=2184"},{"taxonomy":"product_cat","embeddable":true,"href":"https:\/\/pericom.biz\/index.php?rest_route=%2Fwp%2Fv2%2Fproduct_cat&post=2184"},{"taxonomy":"product_tag","embeddable":true,"href":"https:\/\/pericom.biz\/index.php?rest_route=%2Fwp%2Fv2%2Fproduct_tag&post=2184"}],"curies":[{"name":"wp","href":"https:\/\/api.w.org\/{rel}","templated":true}]}}