{"id":2185,"date":"2026-04-16T16:47:24","date_gmt":"2026-04-16T16:47:24","guid":{"rendered":"https:\/\/pericom.biz\/?post_type=product&#038;p=2185"},"modified":"2026-04-16T16:48:11","modified_gmt":"2026-04-16T16:48:11","slug":"xsmil-bp4200ib","status":"publish","type":"product","link":"https:\/\/pericom.biz\/?product=xsmil-bp4200ib","title":{"rendered":"XSMIL-BP4200IB"},"content":{"rendered":"<p>Die Box-Version (XSMIL-BP4200IB) wird in Fahrzeugen installiert. Der Stromverbrauch ist mit 10 W sehr niedrig. Die Anschl\u00fcsse entsprechen dem MIL-STD-38999. Das Ger\u00e4t erf\u00fcllt die hohen Umgebungsanforderungen bzgl. Klima, Vibrationen u.s.w. nach MIL-STD-810.<\/p>\n<h3>Artikeldetails:<\/h3>\n<table>\n<thead>\n<tr>\n<th>Eigenschaft<\/th>\n<th>Spezifikation<\/th>\n<\/tr>\n<\/thead>\n<tbody>\n<tr>\n<td>Geh\u00e4use<\/td>\n<td>IP67 Aluminium<\/td>\n<\/tr>\n<tr>\n<td>SHDSL Port<\/td>\n<td>2<\/td>\n<\/tr>\n<tr>\n<td>LAN Verbindung<\/td>\n<td>2 x Ethernet Port 10\/100<\/td>\n<\/tr>\n<tr>\n<td>Konfiguration<\/td>\n<td>HTML Server<\/td>\n<\/tr>\n<tr>\n<td>Unterst\u00fctzte Datenraten<\/td>\n<td>2 Mbit\/s bei 4 km<\/td>\n<\/tr>\n<tr>\n<td>Temperaturbereich<\/td>\n<td>-40\u00b0C bis +70\u00b0C<\/td>\n<\/tr>\n<tr>\n<td>Weitere Funktionen<\/td>\n<td><\/td>\n<\/tr>\n<tr>\n<td>Spannungsversorgung<\/td>\n<td>24 VDC \/ 48 VDC<\/td>\n<\/tr>\n<\/tbody>\n<\/table>\n<p>&nbsp;<\/p>\n","protected":false},"excerpt":{"rendered":"<p>Mit den neuen\u00a0 taktischen SHDSL-Switches XSMIL wird\u00a0 die IP-Verbindung einer \u00fcber D10-Kabel miteinander verbundenen Ger\u00e4teflotte erm\u00f6glicht.<br \/>\nDie Box-Version (XSMIL-BP4200IB) wird in Fahrzeugen installiert, w\u00e4hrend die Geh\u00e4useversion (XSMIL-FD4200) im Feld installiert wird, um Fernverbindungen durch Wiederholen des Signals zu erm\u00f6glichen.<\/p>\n","protected":false},"featured_media":2224,"comment_status":"closed","ping_status":"closed","template":"","meta":[],"product_brand":[],"product_cat":[33,183],"product_tag":[184,185,52,162,186,187],"class_list":{"0":"post-2185","1":"product","2":"type-product","3":"status-publish","4":"has-post-thumbnail","6":"product_cat-ethernet-extender-xslan-xelan","7":"product_cat-fernwartung","8":"product_tag-2-draht-ethernet","9":"product_tag-ethernet-extender","10":"product_tag-poe","11":"product_tag-profinet","12":"product_tag-ptp","13":"product_tag-spe","15":"first","16":"instock","17":"downloadable","18":"taxable","19":"shipping-taxable","20":"product-type-simple"},"_links":{"self":[{"href":"https:\/\/pericom.biz\/index.php?rest_route=\/wp\/v2\/product\/2185","targetHints":{"allow":["GET"]}}],"collection":[{"href":"https:\/\/pericom.biz\/index.php?rest_route=\/wp\/v2\/product"}],"about":[{"href":"https:\/\/pericom.biz\/index.php?rest_route=\/wp\/v2\/types\/product"}],"replies":[{"embeddable":true,"href":"https:\/\/pericom.biz\/index.php?rest_route=%2Fwp%2Fv2%2Fcomments&post=2185"}],"wp:featuredmedia":[{"embeddable":true,"href":"https:\/\/pericom.biz\/index.php?rest_route=\/wp\/v2\/media\/2224"}],"wp:attachment":[{"href":"https:\/\/pericom.biz\/index.php?rest_route=%2Fwp%2Fv2%2Fmedia&parent=2185"}],"wp:term":[{"taxonomy":"product_brand","embeddable":true,"href":"https:\/\/pericom.biz\/index.php?rest_route=%2Fwp%2Fv2%2Fproduct_brand&post=2185"},{"taxonomy":"product_cat","embeddable":true,"href":"https:\/\/pericom.biz\/index.php?rest_route=%2Fwp%2Fv2%2Fproduct_cat&post=2185"},{"taxonomy":"product_tag","embeddable":true,"href":"https:\/\/pericom.biz\/index.php?rest_route=%2Fwp%2Fv2%2Fproduct_tag&post=2185"}],"curies":[{"name":"wp","href":"https:\/\/api.w.org\/{rel}","templated":true}]}}